{"id":20006,"date":"2019-03-07T10:28:58","date_gmt":"2019-03-07T10:28:58","guid":{"rendered":"https:\/\/www.rozaje.me\/?page_id=20006"},"modified":"2019-03-07T12:08:51","modified_gmt":"2019-03-07T12:08:51","slug":"javna-knjiga-2018","status":"publish","type":"page","link":"https:\/\/www.rozaje.me\/en\/javna-knjiga-2018\/","title":{"rendered":"Public ledger \u2013 2018"},"content":{"rendered":"<table class=\"wp-block-table\"><tbody><tr><td>Processor<\/td><td>Subject<\/td><td><\/td><\/tr><tr><td>Dino Kajevi\u0107, mast.engineer.arch.<\/td><td>1. Directorate for construction and investments, street lighting Seo\u0161nica<br \/> 1 and Seosnica 2.<\/td><td> <a rel=\"noreferrer noopener\" href=\"https:\/\/www.rozaje.me\/wp-content\/uploads\/2019\/03\/2018-Direkcija-za-izgradnju-uli%C4%8Dna-rasveta-Seo%C5%A1nica-1-i-2-1.doc\" target=\"_blank\">Solution<\/a>  \u2013 that no impact assessment is required. <a rel=\"noreferrer noopener\" aria-label=\" (opens in a new tab)\" href=\"https:\/\/www.rozaje.me\/wp-content\/uploads\/2019\/03\/2018-Direkcija-za-izgradnju-uli\u010dna-rasveta-Seo\u0161nica-1-i-2-1.doc\" target=\"_blank\"><\/a><\/td><\/tr><tr><td> Dino Kajevi\u0107, mast.engineer.arch <\/td><td>2. DOO, &quot;Unis-MP&quot;, Ro\u017eaje, extension of the chicken fattening farm. <\/td><td>Solution - that no impact assessment is required. <\/td><\/tr><tr><td> Dino Kajevi\u0107, mast.engineer.arch <\/td><td>3. Naser Dautovi\u0107, for the mini-farm project for 5 dairy cows. Cadastral plot 212 KO Plunci I. <\/td><td><a href=\"https:\/\/www.rozaje.me\/wp-content\/uploads\/2019\/03\/2018-Naser-Dautovi%C4%87-Projekat-mini-frme-1.doc\">Solution<\/a>  \u2013 that no impact assessment is required. <a href=\"https:\/\/www.rozaje.me\/wp-content\/uploads\/2019\/03\/2018-Naser-Dautovi\u0107-Projekat-mini-frme-1.doc\"><\/a><\/td><\/tr><tr><td> Dino Kajevi\u0107, mast.engineer.arch <\/td><td> 4. Mujo Mujevi\u0107, for the mini-farm project for 250 sheep, on cadastral plot no. 149 KO Seoshnica. <\/td><td><a href=\"https:\/\/www.rozaje.me\/wp-content\/uploads\/2019\/03\/2018-Mujevi%C4%87-Hasana-Mujo-mini-farma-1.doc\">Solution<\/a>  \u2013 that no impact assessment is required. <\/td><\/tr><tr><td> Dino Kajevi\u0107, mast.engineer.arch <\/td><td>5. \u0160krijelj Suvat, for the project of a beef fattening farm with a capacity of 100<br \/>150 fattening steers. On cadastral plots 1161\/2, 1159\/1 and 1162\/3 KO Kala\u010de. <\/td><td> Solution - that no impact assessment is required. <\/td><\/tr><tr><td> Dino Kajevi\u0107, mast.engineer.arch <\/td><td>6. Husovi\u0107 Emir, part for fertilization, mini farm.<\/td><td> Solution - that no impact assessment is required. <\/td><\/tr><tr><td> Dino Kajevi\u0107, mast.engineer.arch <\/td><td>7. \u0160krijelj Safeta, project of a farm for beef fattening and mechanization, na<br \/> cadastral plot 13\/1\/18 KO Ibarac II.<\/td><td> Solution - that no impact assessment is required. <\/td><\/tr><tr><td> Dino Kajevi\u0107, mast.engineer.arch <\/td><td>8. DOO &quot;Interfood 35&quot; for the project of installing a modern dryer, on cadastral plot no. 1373 KO Rozaje.<\/td><td> <a href=\"https:\/\/www.rozaje.me\/wp-content\/uploads\/2019\/03\/2018-Interfood-1.doc\">Solution<\/a>  \u2013 that no impact assessment is required. <\/td><\/tr><\/tbody><\/table>","protected":false},"excerpt":{"rendered":"<p>Obra\u0111iva\u010d Predmet Dino Kajevi\u0107, mast.in\u017e.arh. 1.Direkcija za izgradnju i investicije, uli\u010dna rasveta Seo\u0161nica 1 i Seo\u0161nica 2. Rje\u0161enje \u2013 da nije potrebna procjena uticaja. Dino&#46;&#46;&#46;<\/p>","protected":false},"author":11,"featured_media":0,"parent":0,"menu_order":0,"comment_status":"closed","ping_status":"closed","template":"","meta":{"_monsterinsights_skip_tracking":false,"_monsterinsights_sitenote_active":false,"_monsterinsights_sitenote_note":"","_monsterinsights_sitenote_category":0,"footnotes":""},"class_list":["post-20006","page","type-page","status-publish","hentry"],"yoast_head":"<!-- This site is optimized with the Yoast SEO plugin v27.2 - https:\/\/yoast.com\/product\/yoast-seo-wordpress\/ -->\n<title>Javna knjiga - 2018. - Op\u0161tina Ro\u017eaje<\/title>\n<meta name=\"robots\" content=\"index, follow, max-snippet:-1, max-image-preview:large, max-video-preview:-1\" \/>\n<link rel=\"canonical\" href=\"https:\/\/www.rozaje.me\/en\/javna-knjiga-2018\/\" \/>\n<meta property=\"og:locale\" content=\"en_GB\" \/>\n<meta property=\"og:type\" content=\"article\" \/>\n<meta property=\"og:title\" content=\"Javna knjiga - 2018. - Op\u0161tina Ro\u017eaje\" \/>\n<meta property=\"og:description\" content=\"Obra\u0111iva\u010d Predmet Dino Kajevi\u0107, mast.in\u017e.arh. 1.Direkcija za izgradnju i investicije, uli\u010dna rasveta Seo\u0161nica 1 i Seo\u0161nica 2. Rje\u0161enje \u2013 da nije potrebna procjena uticaja. Dino&#046;&#046;&#046;\" \/>\n<meta property=\"og:url\" content=\"https:\/\/www.rozaje.me\/en\/javna-knjiga-2018\/\" \/>\n<meta property=\"og:site_name\" content=\"Op\u0161tina Ro\u017eaje\" \/>\n<meta property=\"article:publisher\" content=\"https:\/\/www.facebook.com\/OpstinaRozajeOfficial\/\" \/>\n<meta property=\"article:modified_time\" content=\"2019-03-07T12:08:51+00:00\" \/>\n<meta name=\"twitter:card\" content=\"summary_large_image\" \/>\n<meta name=\"twitter:label1\" content=\"Estimated reading time\" \/>\n\t<meta name=\"twitter:data1\" content=\"1 minute\" \/>\n<script type=\"application\/ld+json\" class=\"yoast-schema-graph\">{\"@context\":\"https:\/\/schema.org\",\"@graph\":[{\"@type\":\"WebPage\",\"@id\":\"https:\/\/www.rozaje.me\/javna-knjiga-2018\/\",\"url\":\"https:\/\/www.rozaje.me\/javna-knjiga-2018\/\",\"name\":\"Javna knjiga - 2018. - Op\u0161tina Ro\u017eaje\",\"isPartOf\":{\"@id\":\"https:\/\/www.rozaje.me\/#website\"},\"datePublished\":\"2019-03-07T10:28:58+00:00\",\"dateModified\":\"2019-03-07T12:08:51+00:00\",\"breadcrumb\":{\"@id\":\"https:\/\/www.rozaje.me\/javna-knjiga-2018\/#breadcrumb\"},\"inLanguage\":\"en-GB\",\"potentialAction\":[{\"@type\":\"ReadAction\",\"target\":[\"https:\/\/www.rozaje.me\/javna-knjiga-2018\/\"]}]},{\"@type\":\"BreadcrumbList\",\"@id\":\"https:\/\/www.rozaje.me\/javna-knjiga-2018\/#breadcrumb\",\"itemListElement\":[{\"@type\":\"ListItem\",\"position\":1,\"name\":\"Home\",\"item\":\"https:\/\/www.rozaje.me\/\"},{\"@type\":\"ListItem\",\"position\":2,\"name\":\"Javna knjiga &#8211; 2018.\"}]},{\"@type\":\"WebSite\",\"@id\":\"https:\/\/www.rozaje.me\/#website\",\"url\":\"https:\/\/www.rozaje.me\/\",\"name\":\"Op\u0161tina Ro\u017eaje\",\"description\":\"Zvani\u010dna veb stranica Op\u0161tine Ro\u017eaje\",\"publisher\":{\"@id\":\"https:\/\/www.rozaje.me\/#organization\"},\"alternateName\":\"Opstina Rozaje\",\"potentialAction\":[{\"@type\":\"SearchAction\",\"target\":{\"@type\":\"EntryPoint\",\"urlTemplate\":\"https:\/\/www.rozaje.me\/?s={search_term_string}\"},\"query-input\":{\"@type\":\"PropertyValueSpecification\",\"valueRequired\":true,\"valueName\":\"search_term_string\"}}],\"inLanguage\":\"en-GB\"},{\"@type\":\"Organization\",\"@id\":\"https:\/\/www.rozaje.me\/#organization\",\"name\":\"Opstina Rozaje\",\"url\":\"https:\/\/www.rozaje.me\/\",\"logo\":{\"@type\":\"ImageObject\",\"inLanguage\":\"en-GB\",\"@id\":\"https:\/\/www.rozaje.me\/#\/schema\/logo\/image\/\",\"url\":\"https:\/\/www.rozaje.me\/wp-content\/uploads\/2022\/08\/logo-textless.svg\",\"contentUrl\":\"https:\/\/www.rozaje.me\/wp-content\/uploads\/2022\/08\/logo-textless.svg\",\"width\":108.00360000000000582076609134674072265625,\"height\":131.15059999999999718056642450392246246337890625,\"caption\":\"Opstina Rozaje\"},\"image\":{\"@id\":\"https:\/\/www.rozaje.me\/#\/schema\/logo\/image\/\"},\"sameAs\":[\"https:\/\/www.facebook.com\/OpstinaRozajeOfficial\/\",\"https:\/\/www.youtube.com\/channel\/UCepcislHIwc6KRZTLa6FIlg\"]}]}<\/script>\n<!-- \/ Yoast SEO plugin. -->","yoast_head_json":{"title":"Javna knjiga - 2018. - Op\u0161tina Ro\u017eaje","robots":{"index":"index","follow":"follow","max-snippet":"max-snippet:-1","max-image-preview":"max-image-preview:large","max-video-preview":"max-video-preview:-1"},"canonical":"https:\/\/www.rozaje.me\/en\/javna-knjiga-2018\/","og_locale":"en_GB","og_type":"article","og_title":"Javna knjiga - 2018. - Op\u0161tina Ro\u017eaje","og_description":"Obra\u0111iva\u010d Predmet Dino Kajevi\u0107, mast.in\u017e.arh. 1.Direkcija za izgradnju i investicije, uli\u010dna rasveta Seo\u0161nica 1 i Seo\u0161nica 2. Rje\u0161enje \u2013 da nije potrebna procjena uticaja. Dino&#46;&#46;&#46;","og_url":"https:\/\/www.rozaje.me\/en\/javna-knjiga-2018\/","og_site_name":"Op\u0161tina Ro\u017eaje","article_publisher":"https:\/\/www.facebook.com\/OpstinaRozajeOfficial\/","article_modified_time":"2019-03-07T12:08:51+00:00","twitter_card":"summary_large_image","twitter_misc":{"Estimated reading time":"1 minute"},"schema":{"@context":"https:\/\/schema.org","@graph":[{"@type":"WebPage","@id":"https:\/\/www.rozaje.me\/javna-knjiga-2018\/","url":"https:\/\/www.rozaje.me\/javna-knjiga-2018\/","name":"Javna knjiga - 2018. - Op\u0161tina Ro\u017eaje","isPartOf":{"@id":"https:\/\/www.rozaje.me\/#website"},"datePublished":"2019-03-07T10:28:58+00:00","dateModified":"2019-03-07T12:08:51+00:00","breadcrumb":{"@id":"https:\/\/www.rozaje.me\/javna-knjiga-2018\/#breadcrumb"},"inLanguage":"en-GB","potentialAction":[{"@type":"ReadAction","target":["https:\/\/www.rozaje.me\/javna-knjiga-2018\/"]}]},{"@type":"BreadcrumbList","@id":"https:\/\/www.rozaje.me\/javna-knjiga-2018\/#breadcrumb","itemListElement":[{"@type":"ListItem","position":1,"name":"Home","item":"https:\/\/www.rozaje.me\/"},{"@type":"ListItem","position":2,"name":"Javna knjiga &#8211; 2018."}]},{"@type":"WebSite","@id":"https:\/\/www.rozaje.me\/#website","url":"https:\/\/www.rozaje.me\/","name":"Municipality of Ro\u017eaje","description":"The official website of the Municipality of Ro\u017eaje","publisher":{"@id":"https:\/\/www.rozaje.me\/#organization"},"alternateName":"Opstina Rozaje","potentialAction":[{"@type":"SearchAction","target":{"@type":"EntryPoint","urlTemplate":"https:\/\/www.rozaje.me\/?s={search_term_string}"},"query-input":{"@type":"PropertyValueSpecification","valueRequired":true,"valueName":"search_term_string"}}],"inLanguage":"en-GB"},{"@type":"Organization","@id":"https:\/\/www.rozaje.me\/#organization","name":"Opstina Rozaje","url":"https:\/\/www.rozaje.me\/","logo":{"@type":"ImageObject","inLanguage":"en-GB","@id":"https:\/\/www.rozaje.me\/#\/schema\/logo\/image\/","url":"https:\/\/www.rozaje.me\/wp-content\/uploads\/2022\/08\/logo-textless.svg","contentUrl":"https:\/\/www.rozaje.me\/wp-content\/uploads\/2022\/08\/logo-textless.svg","width":108.00360000000000582076609134674072265625,"height":131.15059999999999718056642450392246246337890625,"caption":"Opstina Rozaje"},"image":{"@id":"https:\/\/www.rozaje.me\/#\/schema\/logo\/image\/"},"sameAs":["https:\/\/www.facebook.com\/OpstinaRozajeOfficial\/","https:\/\/www.youtube.com\/channel\/UCepcislHIwc6KRZTLa6FIlg"]}]}},"_links":{"self":[{"href":"https:\/\/www.rozaje.me\/en\/wp-json\/wp\/v2\/pages\/20006","targetHints":{"allow":["GET"]}}],"collection":[{"href":"https:\/\/www.rozaje.me\/en\/wp-json\/wp\/v2\/pages"}],"about":[{"href":"https:\/\/www.rozaje.me\/en\/wp-json\/wp\/v2\/types\/page"}],"author":[{"embeddable":true,"href":"https:\/\/www.rozaje.me\/en\/wp-json\/wp\/v2\/users\/11"}],"replies":[{"embeddable":true,"href":"https:\/\/www.rozaje.me\/en\/wp-json\/wp\/v2\/comments?post=20006"}],"version-history":[{"count":0,"href":"https:\/\/www.rozaje.me\/en\/wp-json\/wp\/v2\/pages\/20006\/revisions"}],"wp:attachment":[{"href":"https:\/\/www.rozaje.me\/en\/wp-json\/wp\/v2\/media?parent=20006"}],"curies":[{"name":"wp","href":"https:\/\/api.w.org\/{rel}","templated":true}]}}