{"id":15840,"date":"2016-07-29T08:25:35","date_gmt":"2016-07-29T08:25:35","guid":{"rendered":"http:\/\/www.rozaje.me\/?page_id=15840"},"modified":"2023-01-20T12:28:07","modified_gmt":"2023-01-20T11:28:07","slug":"opstinska-izborna-komisija","status":"publish","type":"page","link":"https:\/\/www.rozaje.me\/en\/opstinska-izborna-komisija\/","title":{"rendered":"Municipal Election Commission"},"content":{"rendered":"<p style=\"text-align: center;\"><strong>COMPOSITION OF THE MUNICIPAL ELECTION COMMISSION OF RO\u017dAJE<\/strong><\/p>\n<p><strong>Elvira \u0160krijelj<\/strong>, president;<br \/>\n<em>phone number: <\/em>068889369<br \/>\n<strong>Muamer Muric<\/strong>, deputy president;<br \/>\n<strong>Armen Kalac<\/strong>, secretary;<br \/>\n<em>phone number:<\/em> 068213655<\/p>\n<p><span style=\"text-decoration: underline;\"><strong>Members and deputies:<\/strong><\/span><br \/>\n1. Nermina \u0160utkovi\u0107, member;<br \/>\nSuad Halilovi\u0107, deputy;<br \/>\n2. Amer Nurkovi\u0107, member;<br \/>\nSemir Hasi\u0107, deputy;<br \/>\n3. Hidajet Dedei\u0107, member;<br \/>\nAdem Fazli\u0107, deputy;<br \/>\n4. Ismar Honsi\u0107, member;<br \/>\nSemir Ku\u010d, deputy.<\/p>\n<hr \/>\n<p>Dear All,<\/p>\n<p>The page is designed to present the work of the Municipal Election Commission.<\/p>\n<blockquote><p><a href=\"https:\/\/www.rozaje.me\/wp-content\/uploads\/2020\/08\/Scannable-Document-on-10-Aug-2020-at-13-50-04.pdf\">MEC Ro\u017eaje announces polling stations on the territory of the municipality of Ro\u017eaje for the 2020 elections.<\/a><\/p>\n<p><a href=\"https:\/\/www.rozaje.me\/wp-content\/uploads\/2020\/07\/Kalendar-.pdf\">Calendar of deadlines for the implementation of electoral actions in the elections for the election of deputies to the Parliament of Montenegro, which will be held on August 30, 2020.<\/a><\/p>\n<p><a href=\"https:\/\/www.rozaje.me\/wp-content\/uploads\/2019\/10\/Odluka-o-imenovanju-Op\u0161tinske-izborne-komisije-Ro\u017eaje.docx\">Decision on the appointment of the Ro\u017eaje Municipal Election Commission<\/a><\/p>\n<p><a href=\"http:\/\/www.rozaje.me\/wp-content\/uploads\/2018\/05\/Rje\u0161enje-o-odre\u0111ivanju-bira\u010dkih-mjesta-za-teritoriju-op\u0161tine-Ro\u017eaje-3..docx\">Decision on the determination of polling stations for the territory of the municipality of Ro\u017eaje <\/a><br \/>\n<a href=\"http:\/\/www.rozaje.me\/wp-content\/uploads\/2018\/05\/Zaklju\u010dak-o-ispunjenju-uslova-za-odre\u0111ivanje-predstavnika-podnosioca-izborne-liste-za-izbor-odbornika-u-Skup\u0161tini-op\u0161tine-Ro\u017eaje-u-pro\u0161ireni-sastav-op\u0161tinske-izborne-komisije-Ro\u017eaje.docx\">Conclusion on the fulfillment of the conditions for determining the representative of the applicant of the electoral list for the election of councilors in the Ro\u017eaje Municipal Assembly to the expanded composition of the Ro\u017eaje Municipal Election Commission<\/a> <a href=\"http:\/\/www.rozaje.me\/wp-content\/uploads\/2018\/05\/1.-Rje\u0161enje.docx\">1. Solution<\/a><br \/>\n<a href=\"http:\/\/www.rozaje.me\/wp-content\/uploads\/2018\/05\/Rje\u0161enje-za-bira\u010dke-o.-......docx\">The solution for polls. \u2026..<\/a><br \/>\n<a href=\"http:\/\/www.rozaje.me\/wp-content\/uploads\/2018\/05\/Zbirna-izborna-lista-1.docx\">Summary election list<\/a><\/p>\n<p><a href=\"http:\/\/www.rozaje.me\/wp-content\/uploads\/2018\/03\/Kalendar-rokova-za-sprovo\u0111enje-izbornih-radnji-na-izborima-za-izbor-odbornika-u-Skup\u0161tini-op\u0161tine-Ro\u017eaje-koji-\u0107e-se-odr\u017eati-27.05.2018.godine.pdf\">Calendar of deadlines for the implementation of electoral activities in the elections for the election of councilors in the Ro\u017eaje Municipality Assembly, which will be held on May 27, 2018.<\/a><\/p>\n<p><a href=\"http:\/\/www.rozaje.me\/wp-content\/uploads\/2018\/03\/Rje\u0161enje-o-odre\u0111ivanju-bira\u010dkih-mjesta-za-teritoriju-op\u0161tine-Ro\u017eaje-2018..pdf\">Decision on determining polling stations for the territory of the municipality of Ro\u017eaje in 2018.<\/a><\/p><\/blockquote>\n<blockquote><p><a href=\"http:\/\/www.rozaje.me\/wp-content\/uploads\/2016\/07\/Poslovnik-o-radu-Op\u0161tinske-izborne-komisije-Ro\u017eaje.pdf\">Rules of Procedure of the Ro\u017eaje Municipal Election Commission<\/a><\/p>\n<p><a href=\"http:\/\/www.rozaje.me\/wp-content\/uploads\/2016\/07\/Odluka-o-imenovanju-op\u0161tinske-izborne-komisije.pdf\">Decision on the appointment of the municipal election commission<\/a><\/p>\n<p><a href=\"http:\/\/www.rozaje.me\/wp-content\/uploads\/2016\/07\/Odluka-o-razrje\u0161enju.pdf\">Decision on dismissal<\/a><\/p>\n<p><a href=\"http:\/\/www.rozaje.me\/wp-content\/uploads\/2016\/07\/Odluka-o-imenovanju.pdf\">Appointment decision<\/a><\/p>\n<p><a href=\"http:\/\/www.rozaje.me\/wp-content\/uploads\/2016\/07\/Bira\u010dka-mjesta-za-teritoriji-op\u0161tine-Ro\u017eaje.pdf\">Polling stations for the territory of the municipality of Ro\u017eaje<\/a><\/p>\n<p><a href=\"http:\/\/www.rozaje.me\/wp-content\/uploads\/2016\/07\/Rje\u0161enja-OIK.pdf\">Solutions oik<\/a><\/p>\n<p><a href=\"http:\/\/www.rozaje.me\/wp-content\/uploads\/2016\/07\/Rje\u0161enje-2-o-odre\u0111ivanju-bira\u010dkih-mjesta-za-teritoriju-op\u0161tine-Ro\u017eaje.pdf\">Decision ll on the determination of polling stations for the territory of the municipality of Ro\u017eaje<\/a><\/p>\n<p><a href=\"http:\/\/www.rozaje.me\/wp-content\/uploads\/2016\/07\/Rje\u0161enja-o-imenovanju-bira\u010dkog-odbora-za-izbor-poslanika-kopija.pdf\">Decisions on the appointment of the electoral committee for the election of deputies<\/a><\/p>\n<p><a href=\"http:\/\/www.rozaje.me\/wp-content\/uploads\/2016\/07\/1.-Zaklju\u010dak-o-odre\u0111ivanju-opunomo\u0107enih-predstavnika-u-pro\u0161irenom-sastavu-DPS.pdf\">1. Conclusion on the appointment of authorized representatives in the extended composition of the DPS<\/a><\/p>\n<p><a href=\"http:\/\/www.rozaje.me\/wp-content\/uploads\/2016\/07\/2.-zaklju\u010dak-o-odre\u0111ivanju-opunomo\u0107enih-predstavnika-u-pro\u0161irenom-sastavu-SDP.pdf\">2. Conclusion on the appointment of authorized representatives in the expanded composition of the SDP<\/a><\/p>\n<p><a href=\"http:\/\/www.rozaje.me\/wp-content\/uploads\/2016\/07\/3.Zaklju\u010dak-o-odre\u0111ivanju-opunomo\u0107enih-predstavnika-u-pro\u0161irenom-sastavu-BS.pdf\">3. Conclusion on the appointment of authorized representatives in the extended composition of the BS<\/a><\/p>\n<p><a href=\"http:\/\/www.rozaje.me\/wp-content\/uploads\/2016\/07\/4.-Zaklju\u010dak-o-odre\u0111ivanju-opunomo\u0107enih-predstavnika-u-pro\u0161irenom-sastavu-OIK-BDZ.pdf\">4. Conclusion on the appointment of authorized representatives in the extended composition of the BDZ<\/a><\/p>\n<p><a href=\"http:\/\/www.rozaje.me\/wp-content\/uploads\/2016\/07\/Zaklju\u010dak-o-odre\u0111ivanju-opunomo\u0107enih-predstavnika-u-pro\u0161ireni-sastav-bira\u010dkog-odbora.pdf\">Conclusion on the appointment of authorized representatives in the extended composition of the electoral committee<\/a><\/p>\n<p><a href=\"http:\/\/www.rozaje.me\/wp-content\/uploads\/2016\/07\/Zaklju\u010dak-o-ispravci-gre\u0161ke-u-Rje\u0161enju-o-odre\u0111ivanju-bira\u010dkih-mjesta-za-teritoriju-op\u0161tine-Ro\u017eaje.docx\">Conclusion on the correction of an error in the decision on the determination of polling stations for the territory of the municipality of Ro\u017eaje<\/a><\/p>\n<p><a href=\"http:\/\/www.rozaje.me\/wp-content\/uploads\/2016\/07\/Zaklju\u010dak-o-zamjeni-predsjednika-njihovih-zamjenika-\u010dlanova-i-njihovih-zamjenika-opunomo\u0107enih-predstavnika-i-njihovih-zamjenika-bira\u010dkog-odbora.pdf\">Conclusion on the replacement of the president of their deputy members and their deputies of the authorized representatives and their deputies of the electoral committee<\/a><\/p>\n<p><a href=\"https:\/\/www.rozaje.me\/wp-content\/uploads\/2020\/08\/Zakljucak-o-ispravci-Rjesenja-o-odredjivanju-BM-na-teritoriji-opstine-Rozaje-za-izbor-poslanika-u-Skupstinu-Crne-Gore-broj-11-20-od-03.08.2020.godine.pdf\">Conclusion on the document Decision on determining the BM in the territory of the municipality of Ro\u017eaje for the election of deputies to the Assembly of Montenegro, number 11-20 of 03.08.2020.<\/a><\/p>\n<p><a href=\"https:\/\/www.rozaje.me\/wp-content\/uploads\/2022\/08\/Kalendar-rokova-za-sprovodenje-izbornih-radnji-na-izborima-za-izbod-odbornika-u-Skupstinu-opstine-Rozaje-koji-ce-se-odrzati-23.10.2022.godine.docx\">Calendar of deadlines for the implementation of electoral actions for the election of councilors in the Ro\u017eaje Municipality, which will be held on 23 October 2022.<\/a><\/p>\n<p><a href=\"https:\/\/www.rozaje.me\/wp-content\/uploads\/2022\/08\/Poslovnik-o-radu-Opstinske-izborne-komisije-Rozaje.docx\">Business on the work of the Ro\u017eaje Municipal Election Commission<\/a><\/p>\n<p><a href=\"https:\/\/www.rozaje.me\/wp-content\/uploads\/2023\/01\/12.-Odluka-o-imenovanju-Opstinske-izborne-komisije-Rozaje.docx\">Decision on the appointment of the Ro\u017eaje Municipal Election Commission<\/a><\/p><\/blockquote>","protected":false},"excerpt":{"rendered":"<p>SASTAV OP\u0160TINSKE IZBORNE KOMISIJE RO\u017dAJE Elvira \u0160krijelj, predsjednica; broj telefona: 068889369 Muamer Muri\u0107, zamjenik predsjednika; Armen Kala\u010d, sekretar; broj telefona: 068213655 \u010clanovi i zamjenici: 1.&#46;&#46;&#46;<\/p>","protected":false},"author":11,"featured_media":15839,"parent":0,"menu_order":0,"comment_status":"closed","ping_status":"closed","template":"","meta":{"_monsterinsights_skip_tracking":false,"_monsterinsights_sitenote_active":false,"_monsterinsights_sitenote_note":"","_monsterinsights_sitenote_category":0,"footnotes":""},"class_list":["post-15840","page","type-page","status-publish","has-post-thumbnail","hentry"],"yoast_head":"<!-- This site is optimized with the Yoast SEO plugin v27.2 - https:\/\/yoast.com\/product\/yoast-seo-wordpress\/ -->\n<title>Op\u0161tinska izborna komisija - Op\u0161tina Ro\u017eaje<\/title>\n<meta name=\"robots\" content=\"index, follow, max-snippet:-1, max-image-preview:large, max-video-preview:-1\" \/>\n<link rel=\"canonical\" href=\"https:\/\/www.rozaje.me\/en\/opstinska-izborna-komisija\/\" \/>\n<meta property=\"og:locale\" content=\"en_GB\" \/>\n<meta property=\"og:type\" content=\"article\" \/>\n<meta property=\"og:title\" content=\"Op\u0161tinska izborna komisija - Op\u0161tina Ro\u017eaje\" \/>\n<meta property=\"og:description\" content=\"SASTAV OP\u0160TINSKE IZBORNE KOMISIJE RO\u017dAJE Elvira \u0160krijelj, predsjednica; broj telefona: 068889369 Muamer Muri\u0107, zamjenik predsjednika; Armen Kala\u010d, sekretar; broj telefona: 068213655 \u010clanovi i zamjenici: 1.&#046;&#046;&#046;\" \/>\n<meta property=\"og:url\" content=\"https:\/\/www.rozaje.me\/en\/opstinska-izborna-komisija\/\" \/>\n<meta property=\"og:site_name\" content=\"Op\u0161tina Ro\u017eaje\" \/>\n<meta property=\"article:publisher\" content=\"https:\/\/www.facebook.com\/OpstinaRozajeOfficial\/\" \/>\n<meta property=\"article:modified_time\" content=\"2023-01-20T11:28:07+00:00\" \/>\n<meta property=\"og:image\" content=\"https:\/\/www.rozaje.me\/wp-content\/uploads\/2016\/07\/jhg.png\" \/>\n\t<meta property=\"og:image:width\" content=\"125\" \/>\n\t<meta property=\"og:image:height\" content=\"125\" \/>\n\t<meta property=\"og:image:type\" content=\"image\/png\" \/>\n<meta name=\"twitter:card\" content=\"summary_large_image\" \/>\n<meta name=\"twitter:label1\" content=\"Estimated reading time\" \/>\n\t<meta name=\"twitter:data1\" content=\"2 minutes\" \/>\n<script type=\"application\/ld+json\" class=\"yoast-schema-graph\">{\"@context\":\"https:\/\/schema.org\",\"@graph\":[{\"@type\":\"WebPage\",\"@id\":\"https:\/\/www.rozaje.me\/opstinska-izborna-komisija\/\",\"url\":\"https:\/\/www.rozaje.me\/opstinska-izborna-komisija\/\",\"name\":\"Op\u0161tinska izborna komisija - Op\u0161tina Ro\u017eaje\",\"isPartOf\":{\"@id\":\"https:\/\/www.rozaje.me\/#website\"},\"primaryImageOfPage\":{\"@id\":\"https:\/\/www.rozaje.me\/opstinska-izborna-komisija\/#primaryimage\"},\"image\":{\"@id\":\"https:\/\/www.rozaje.me\/opstinska-izborna-komisija\/#primaryimage\"},\"thumbnailUrl\":\"https:\/\/www.rozaje.me\/wp-content\/uploads\/2016\/07\/jhg.png\",\"datePublished\":\"2016-07-29T08:25:35+00:00\",\"dateModified\":\"2023-01-20T11:28:07+00:00\",\"breadcrumb\":{\"@id\":\"https:\/\/www.rozaje.me\/opstinska-izborna-komisija\/#breadcrumb\"},\"inLanguage\":\"en-GB\",\"potentialAction\":[{\"@type\":\"ReadAction\",\"target\":[\"https:\/\/www.rozaje.me\/opstinska-izborna-komisija\/\"]}]},{\"@type\":\"ImageObject\",\"inLanguage\":\"en-GB\",\"@id\":\"https:\/\/www.rozaje.me\/opstinska-izborna-komisija\/#primaryimage\",\"url\":\"https:\/\/www.rozaje.me\/wp-content\/uploads\/2016\/07\/jhg.png\",\"contentUrl\":\"https:\/\/www.rozaje.me\/wp-content\/uploads\/2016\/07\/jhg.png\",\"width\":125,\"height\":125,\"caption\":\"Grb Rozaja, opstinska izborna komisija\"},{\"@type\":\"BreadcrumbList\",\"@id\":\"https:\/\/www.rozaje.me\/opstinska-izborna-komisija\/#breadcrumb\",\"itemListElement\":[{\"@type\":\"ListItem\",\"position\":1,\"name\":\"Home\",\"item\":\"https:\/\/www.rozaje.me\/\"},{\"@type\":\"ListItem\",\"position\":2,\"name\":\"Op\u0161tinska izborna komisija\"}]},{\"@type\":\"WebSite\",\"@id\":\"https:\/\/www.rozaje.me\/#website\",\"url\":\"https:\/\/www.rozaje.me\/\",\"name\":\"Op\u0161tina Ro\u017eaje\",\"description\":\"Zvani\u010dna veb stranica Op\u0161tine Ro\u017eaje\",\"publisher\":{\"@id\":\"https:\/\/www.rozaje.me\/#organization\"},\"alternateName\":\"Opstina Rozaje\",\"potentialAction\":[{\"@type\":\"SearchAction\",\"target\":{\"@type\":\"EntryPoint\",\"urlTemplate\":\"https:\/\/www.rozaje.me\/?s={search_term_string}\"},\"query-input\":{\"@type\":\"PropertyValueSpecification\",\"valueRequired\":true,\"valueName\":\"search_term_string\"}}],\"inLanguage\":\"en-GB\"},{\"@type\":\"Organization\",\"@id\":\"https:\/\/www.rozaje.me\/#organization\",\"name\":\"Opstina Rozaje\",\"url\":\"https:\/\/www.rozaje.me\/\",\"logo\":{\"@type\":\"ImageObject\",\"inLanguage\":\"en-GB\",\"@id\":\"https:\/\/www.rozaje.me\/#\/schema\/logo\/image\/\",\"url\":\"https:\/\/www.rozaje.me\/wp-content\/uploads\/2022\/08\/logo-textless.svg\",\"contentUrl\":\"https:\/\/www.rozaje.me\/wp-content\/uploads\/2022\/08\/logo-textless.svg\",\"width\":108.00360000000000582076609134674072265625,\"height\":131.15059999999999718056642450392246246337890625,\"caption\":\"Opstina Rozaje\"},\"image\":{\"@id\":\"https:\/\/www.rozaje.me\/#\/schema\/logo\/image\/\"},\"sameAs\":[\"https:\/\/www.facebook.com\/OpstinaRozajeOfficial\/\",\"https:\/\/www.youtube.com\/channel\/UCepcislHIwc6KRZTLa6FIlg\"]}]}<\/script>\n<!-- \/ Yoast SEO plugin. -->","yoast_head_json":{"title":"Op\u0161tinska izborna komisija - Op\u0161tina Ro\u017eaje","robots":{"index":"index","follow":"follow","max-snippet":"max-snippet:-1","max-image-preview":"max-image-preview:large","max-video-preview":"max-video-preview:-1"},"canonical":"https:\/\/www.rozaje.me\/en\/opstinska-izborna-komisija\/","og_locale":"en_GB","og_type":"article","og_title":"Op\u0161tinska izborna komisija - Op\u0161tina Ro\u017eaje","og_description":"SASTAV OP\u0160TINSKE IZBORNE KOMISIJE RO\u017dAJE Elvira \u0160krijelj, predsjednica; broj telefona: 068889369 Muamer Muri\u0107, zamjenik predsjednika; Armen Kala\u010d, sekretar; broj telefona: 068213655 \u010clanovi i zamjenici: 1.&#46;&#46;&#46;","og_url":"https:\/\/www.rozaje.me\/en\/opstinska-izborna-komisija\/","og_site_name":"Op\u0161tina Ro\u017eaje","article_publisher":"https:\/\/www.facebook.com\/OpstinaRozajeOfficial\/","article_modified_time":"2023-01-20T11:28:07+00:00","og_image":[{"width":125,"height":125,"url":"https:\/\/www.rozaje.me\/wp-content\/uploads\/2016\/07\/jhg.png","type":"image\/png"}],"twitter_card":"summary_large_image","twitter_misc":{"Estimated reading time":"2 minutes"},"schema":{"@context":"https:\/\/schema.org","@graph":[{"@type":"WebPage","@id":"https:\/\/www.rozaje.me\/opstinska-izborna-komisija\/","url":"https:\/\/www.rozaje.me\/opstinska-izborna-komisija\/","name":"Op\u0161tinska izborna komisija - Op\u0161tina Ro\u017eaje","isPartOf":{"@id":"https:\/\/www.rozaje.me\/#website"},"primaryImageOfPage":{"@id":"https:\/\/www.rozaje.me\/opstinska-izborna-komisija\/#primaryimage"},"image":{"@id":"https:\/\/www.rozaje.me\/opstinska-izborna-komisija\/#primaryimage"},"thumbnailUrl":"https:\/\/www.rozaje.me\/wp-content\/uploads\/2016\/07\/jhg.png","datePublished":"2016-07-29T08:25:35+00:00","dateModified":"2023-01-20T11:28:07+00:00","breadcrumb":{"@id":"https:\/\/www.rozaje.me\/opstinska-izborna-komisija\/#breadcrumb"},"inLanguage":"en-GB","potentialAction":[{"@type":"ReadAction","target":["https:\/\/www.rozaje.me\/opstinska-izborna-komisija\/"]}]},{"@type":"ImageObject","inLanguage":"en-GB","@id":"https:\/\/www.rozaje.me\/opstinska-izborna-komisija\/#primaryimage","url":"https:\/\/www.rozaje.me\/wp-content\/uploads\/2016\/07\/jhg.png","contentUrl":"https:\/\/www.rozaje.me\/wp-content\/uploads\/2016\/07\/jhg.png","width":125,"height":125,"caption":"Grb Rozaja, opstinska izborna komisija"},{"@type":"BreadcrumbList","@id":"https:\/\/www.rozaje.me\/opstinska-izborna-komisija\/#breadcrumb","itemListElement":[{"@type":"ListItem","position":1,"name":"Home","item":"https:\/\/www.rozaje.me\/"},{"@type":"ListItem","position":2,"name":"Op\u0161tinska izborna komisija"}]},{"@type":"WebSite","@id":"https:\/\/www.rozaje.me\/#website","url":"https:\/\/www.rozaje.me\/","name":"Municipality of Ro\u017eaje","description":"The official website of the Municipality of Ro\u017eaje","publisher":{"@id":"https:\/\/www.rozaje.me\/#organization"},"alternateName":"Opstina Rozaje","potentialAction":[{"@type":"SearchAction","target":{"@type":"EntryPoint","urlTemplate":"https:\/\/www.rozaje.me\/?s={search_term_string}"},"query-input":{"@type":"PropertyValueSpecification","valueRequired":true,"valueName":"search_term_string"}}],"inLanguage":"en-GB"},{"@type":"Organization","@id":"https:\/\/www.rozaje.me\/#organization","name":"Opstina Rozaje","url":"https:\/\/www.rozaje.me\/","logo":{"@type":"ImageObject","inLanguage":"en-GB","@id":"https:\/\/www.rozaje.me\/#\/schema\/logo\/image\/","url":"https:\/\/www.rozaje.me\/wp-content\/uploads\/2022\/08\/logo-textless.svg","contentUrl":"https:\/\/www.rozaje.me\/wp-content\/uploads\/2022\/08\/logo-textless.svg","width":108.00360000000000582076609134674072265625,"height":131.15059999999999718056642450392246246337890625,"caption":"Opstina Rozaje"},"image":{"@id":"https:\/\/www.rozaje.me\/#\/schema\/logo\/image\/"},"sameAs":["https:\/\/www.facebook.com\/OpstinaRozajeOfficial\/","https:\/\/www.youtube.com\/channel\/UCepcislHIwc6KRZTLa6FIlg"]}]}},"_links":{"self":[{"href":"https:\/\/www.rozaje.me\/en\/wp-json\/wp\/v2\/pages\/15840","targetHints":{"allow":["GET"]}}],"collection":[{"href":"https:\/\/www.rozaje.me\/en\/wp-json\/wp\/v2\/pages"}],"about":[{"href":"https:\/\/www.rozaje.me\/en\/wp-json\/wp\/v2\/types\/page"}],"author":[{"embeddable":true,"href":"https:\/\/www.rozaje.me\/en\/wp-json\/wp\/v2\/users\/11"}],"replies":[{"embeddable":true,"href":"https:\/\/www.rozaje.me\/en\/wp-json\/wp\/v2\/comments?post=15840"}],"version-history":[{"count":0,"href":"https:\/\/www.rozaje.me\/en\/wp-json\/wp\/v2\/pages\/15840\/revisions"}],"wp:featuredmedia":[{"embeddable":true,"href":"https:\/\/www.rozaje.me\/en\/wp-json\/wp\/v2\/media\/15839"}],"wp:attachment":[{"href":"https:\/\/www.rozaje.me\/en\/wp-json\/wp\/v2\/media?parent=15840"}],"curies":[{"name":"wp","href":"https:\/\/api.w.org\/{rel}","templated":true}]}}