{"id":1442,"date":"2012-05-15T19:28:54","date_gmt":"2012-05-15T19:28:54","guid":{"rendered":"http:\/\/www.rozaje.me\/?page_id=1442"},"modified":"2021-12-28T12:23:54","modified_gmt":"2021-12-28T11:23:54","slug":"turisticka-organizacija-rozaja","status":"publish","type":"page","link":"https:\/\/www.rozaje.me\/en\/turisticka-organizacija-rozaja\/","title":{"rendered":"Tourist organization of Ro\u017eaj"},"content":{"rendered":"<p><span style=\"color: #003366;\"><a class=\"button small default\" href=\"https:\/\/turistickaorganizacijarozaje.me\/\"><span style=\"color: #003366;\"><strong>Direktor:\u00a0 Ned\u017ead Muri\u0107<\/strong><br \/>\nAdresa: ul &#8220;M.Tita&#8221; bb, 84 310 Ro\u017eaje;<br \/>\nTel, 051\/270-158; Mob.<br \/>\ne-mail:<br \/>\nwww.turistickaorganizacijarozaje.me<\/span><\/a><\/span><\/p>\n<p style=\"text-align: justify;\"><strong>Turisti\u010dka organizacija Ro\u017eaje<\/strong> vr\u0161i poslove koji se odnose na<strong> :<\/strong><\/p>\n<ul>\n<li style=\"text-align: justify;\">Unapre\u0111enje i promocija izvornih vrijednosti podru\u010dja op\u0161tine u funkciji razvoja turizma,<\/li>\n<li style=\"text-align: justify;\">Stvaranje uslova za aktiviranje turisti\u010dkih resursa na teritoriji op\u0161tine,<\/li>\n<li style=\"text-align: justify;\">Saradnja sa pravnim i fizi\u010dkim licima koja za predmet poslovanja imaju turisti\u010dko &#8211; ugostiteljsku ili njoj komplementarnu djelatnost u cilju dogovaranja, utvr\u0111ivanja i sprovo\u0111enja politike razvoja turizma na teritoriji op\u0161tine,<\/li>\n<li style=\"text-align: justify;\">Podsticanje, koordiniranje i organizovanje kulturnih, umjetni\u010dkih, zabavnih, privrednih, sportskih i drugih doga\u0111anja i manifestacija, koje doprinose oboga\u0107ivanju turisti\u010dke ponude,<\/li>\n<li style=\"text-align: justify;\">Podsticanje aktiviranja podru\u010dja op\u0161tine koja nijesu ili su nedovoljno uklju\u010dena u turisti\u010dki promet,<\/li>\n<li style=\"text-align: justify;\">Podsticanje i organizovanje akcija usmjerenih na za\u0161titi i o\u010duvanju turisti\u010dkog prostora, \u017eivotne sredine i kulturnog naslje\u0111a,<\/li>\n<li style=\"text-align: justify;\">Realizovanje programa aktivnosti boravka studijskih grupa i novinara na teritoriji op\u0161tine, koja su u funkciji razvoja turizma i turisti\u010dke propagande,<\/li>\n<li style=\"text-align: justify;\">Organizovanje turisti\u010dko \u2013 info. biroa u turisti\u010dkim mjestima, za koje se ocijeni potreba,<\/li>\n<li style=\"text-align: justify;\">Registrovanje i pra\u0107enje turisti\u010dkog prometa na teritoriji op\u0161tine,<\/li>\n<li style=\"text-align: justify;\">Saradnja sa organima i tijelima lokalne uprave u cilju dono\u0161enja i sprovo\u0111enja lokalnih mjera za pobolj\u0161anje uslova boravka turista na teritoriji op\u0161tine,<\/li>\n<li style=\"text-align: justify;\">Saradnja sa lokalnim udru\u017eenjima i nevladinim organizacijama iz oblasti turizma i ugostiteljstva i njima komplementarnim djelatnostima,<\/li>\n<li style=\"text-align: justify;\">Saradnja sa Nacionalnom Turisti\u010dkom organizacijom i lokalnim turisti\u010dkim organizacijama,<\/li>\n<li style=\"text-align: justify;\">Sprovo\u0111enje anketa i drugih istra\u017eivanja u cilju utvr\u0111ivanja ocjene kvaliteta turisti\u010dkog proizvoda na teritoriji op\u0161tine,<\/li>\n<li style=\"text-align: justify;\">Izrada izvje\u0161taja, analiza i informacija za potrebe Nacionalne turisti\u010dke organizacije,<\/li>\n<li style=\"text-align: justify;\">Izrada izvje\u0161taja, analiza i informacija za potrebe lokalne samouprave,<\/li>\n<li style=\"text-align: justify;\">Saradnja sa istim ili sli\u010dnim organizacijama van dr\u017eave,<\/li>\n<li style=\"text-align: justify;\">Obavljanje i drugih poslova u cilju promocije turisti\u010dkog proizvoda na teritoriji op\u0161tine.\n<div class=\"line\"><span class=\"top\">[<a href=\"https:\/\/www.facebook.com\/turistickaorganizacija.rozaje?ref=ts&amp;fref=ts\">Turisti\u010dka organizacija<\/a>]<\/span><\/div>\n<\/li>\n<\/ul>\n","protected":false},"excerpt":{"rendered":"<p>Direktor:\u00a0 Ned\u017ead Muri\u0107 Adresa: ul &#8220;M.Tita&#8221; bb, 84 310 Ro\u017eaje; Tel, 051\/270-158; Mob. e-mail: www.turistickaorganizacijarozaje.me Turisti\u010dka organizacija Ro\u017eaje vr\u0161i poslove koji se odnose na :&#46;&#46;&#46;<\/p>","protected":false},"author":11,"featured_media":0,"parent":0,"menu_order":0,"comment_status":"open","ping_status":"open","template":"","meta":{"_monsterinsights_skip_tracking":false,"_monsterinsights_sitenote_active":false,"_monsterinsights_sitenote_note":"","_monsterinsights_sitenote_category":0,"footnotes":""},"class_list":["post-1442","page","type-page","status-publish","hentry"],"yoast_head":"<!-- This site is optimized with the Yoast SEO plugin v27.2 - https:\/\/yoast.com\/product\/yoast-seo-wordpress\/ -->\n<title>Turisti\u010dka organizacija Ro\u017eaja - Op\u0161tina Ro\u017eaje<\/title>\n<meta name=\"robots\" content=\"index, follow, max-snippet:-1, max-image-preview:large, max-video-preview:-1\" \/>\n<link rel=\"canonical\" href=\"https:\/\/www.rozaje.me\/en\/turisticka-organizacija-rozaja\/\" \/>\n<meta property=\"og:locale\" content=\"en_GB\" \/>\n<meta property=\"og:type\" content=\"article\" \/>\n<meta property=\"og:title\" content=\"Turisti\u010dka organizacija Ro\u017eaja - Op\u0161tina Ro\u017eaje\" \/>\n<meta property=\"og:description\" content=\"Direktor:\u00a0 Ned\u017ead Muri\u0107 Adresa: ul &#8220;M.Tita&#8221; bb, 84 310 Ro\u017eaje; Tel, 051\/270-158; Mob. e-mail: www.turistickaorganizacijarozaje.me Turisti\u010dka organizacija Ro\u017eaje vr\u0161i poslove koji se odnose na :&#046;&#046;&#046;\" \/>\n<meta property=\"og:url\" content=\"https:\/\/www.rozaje.me\/en\/turisticka-organizacija-rozaja\/\" \/>\n<meta property=\"og:site_name\" content=\"Op\u0161tina Ro\u017eaje\" \/>\n<meta property=\"article:publisher\" content=\"https:\/\/www.facebook.com\/OpstinaRozajeOfficial\/\" \/>\n<meta property=\"article:modified_time\" content=\"2021-12-28T11:23:54+00:00\" \/>\n<meta name=\"twitter:card\" content=\"summary_large_image\" \/>\n<meta name=\"twitter:label1\" content=\"Estimated reading time\" \/>\n\t<meta name=\"twitter:data1\" content=\"2 minutes\" \/>\n<script type=\"application\/ld+json\" class=\"yoast-schema-graph\">{\"@context\":\"https:\/\/schema.org\",\"@graph\":[{\"@type\":\"WebPage\",\"@id\":\"https:\/\/www.rozaje.me\/turisticka-organizacija-rozaja\/\",\"url\":\"https:\/\/www.rozaje.me\/turisticka-organizacija-rozaja\/\",\"name\":\"Turisti\u010dka organizacija Ro\u017eaja - Op\u0161tina Ro\u017eaje\",\"isPartOf\":{\"@id\":\"https:\/\/www.rozaje.me\/#website\"},\"datePublished\":\"2012-05-15T19:28:54+00:00\",\"dateModified\":\"2021-12-28T11:23:54+00:00\",\"breadcrumb\":{\"@id\":\"https:\/\/www.rozaje.me\/turisticka-organizacija-rozaja\/#breadcrumb\"},\"inLanguage\":\"en-GB\",\"potentialAction\":[{\"@type\":\"ReadAction\",\"target\":[\"https:\/\/www.rozaje.me\/turisticka-organizacija-rozaja\/\"]}]},{\"@type\":\"BreadcrumbList\",\"@id\":\"https:\/\/www.rozaje.me\/turisticka-organizacija-rozaja\/#breadcrumb\",\"itemListElement\":[{\"@type\":\"ListItem\",\"position\":1,\"name\":\"Home\",\"item\":\"https:\/\/www.rozaje.me\/\"},{\"@type\":\"ListItem\",\"position\":2,\"name\":\"Turisti\u010dka organizacija Ro\u017eaja\"}]},{\"@type\":\"WebSite\",\"@id\":\"https:\/\/www.rozaje.me\/#website\",\"url\":\"https:\/\/www.rozaje.me\/\",\"name\":\"Op\u0161tina Ro\u017eaje\",\"description\":\"Zvani\u010dna veb stranica Op\u0161tine Ro\u017eaje\",\"publisher\":{\"@id\":\"https:\/\/www.rozaje.me\/#organization\"},\"alternateName\":\"Opstina Rozaje\",\"potentialAction\":[{\"@type\":\"SearchAction\",\"target\":{\"@type\":\"EntryPoint\",\"urlTemplate\":\"https:\/\/www.rozaje.me\/?s={search_term_string}\"},\"query-input\":{\"@type\":\"PropertyValueSpecification\",\"valueRequired\":true,\"valueName\":\"search_term_string\"}}],\"inLanguage\":\"en-GB\"},{\"@type\":\"Organization\",\"@id\":\"https:\/\/www.rozaje.me\/#organization\",\"name\":\"Opstina Rozaje\",\"url\":\"https:\/\/www.rozaje.me\/\",\"logo\":{\"@type\":\"ImageObject\",\"inLanguage\":\"en-GB\",\"@id\":\"https:\/\/www.rozaje.me\/#\/schema\/logo\/image\/\",\"url\":\"https:\/\/www.rozaje.me\/wp-content\/uploads\/2022\/08\/logo-textless.svg\",\"contentUrl\":\"https:\/\/www.rozaje.me\/wp-content\/uploads\/2022\/08\/logo-textless.svg\",\"width\":108.00360000000000582076609134674072265625,\"height\":131.15059999999999718056642450392246246337890625,\"caption\":\"Opstina Rozaje\"},\"image\":{\"@id\":\"https:\/\/www.rozaje.me\/#\/schema\/logo\/image\/\"},\"sameAs\":[\"https:\/\/www.facebook.com\/OpstinaRozajeOfficial\/\",\"https:\/\/www.youtube.com\/channel\/UCepcislHIwc6KRZTLa6FIlg\"]}]}<\/script>\n<!-- \/ Yoast SEO plugin. -->","yoast_head_json":{"title":"Turisti\u010dka organizacija Ro\u017eaja - Op\u0161tina Ro\u017eaje","robots":{"index":"index","follow":"follow","max-snippet":"max-snippet:-1","max-image-preview":"max-image-preview:large","max-video-preview":"max-video-preview:-1"},"canonical":"https:\/\/www.rozaje.me\/en\/turisticka-organizacija-rozaja\/","og_locale":"en_GB","og_type":"article","og_title":"Turisti\u010dka organizacija Ro\u017eaja - Op\u0161tina Ro\u017eaje","og_description":"Direktor:\u00a0 Ned\u017ead Muri\u0107 Adresa: ul &#8220;M.Tita&#8221; bb, 84 310 Ro\u017eaje; Tel, 051\/270-158; Mob. e-mail: www.turistickaorganizacijarozaje.me Turisti\u010dka organizacija Ro\u017eaje vr\u0161i poslove koji se odnose na :&#46;&#46;&#46;","og_url":"https:\/\/www.rozaje.me\/en\/turisticka-organizacija-rozaja\/","og_site_name":"Op\u0161tina Ro\u017eaje","article_publisher":"https:\/\/www.facebook.com\/OpstinaRozajeOfficial\/","article_modified_time":"2021-12-28T11:23:54+00:00","twitter_card":"summary_large_image","twitter_misc":{"Estimated reading time":"2 minutes"},"schema":{"@context":"https:\/\/schema.org","@graph":[{"@type":"WebPage","@id":"https:\/\/www.rozaje.me\/turisticka-organizacija-rozaja\/","url":"https:\/\/www.rozaje.me\/turisticka-organizacija-rozaja\/","name":"Turisti\u010dka organizacija Ro\u017eaja - Op\u0161tina Ro\u017eaje","isPartOf":{"@id":"https:\/\/www.rozaje.me\/#website"},"datePublished":"2012-05-15T19:28:54+00:00","dateModified":"2021-12-28T11:23:54+00:00","breadcrumb":{"@id":"https:\/\/www.rozaje.me\/turisticka-organizacija-rozaja\/#breadcrumb"},"inLanguage":"en-GB","potentialAction":[{"@type":"ReadAction","target":["https:\/\/www.rozaje.me\/turisticka-organizacija-rozaja\/"]}]},{"@type":"BreadcrumbList","@id":"https:\/\/www.rozaje.me\/turisticka-organizacija-rozaja\/#breadcrumb","itemListElement":[{"@type":"ListItem","position":1,"name":"Home","item":"https:\/\/www.rozaje.me\/"},{"@type":"ListItem","position":2,"name":"Turisti\u010dka organizacija Ro\u017eaja"}]},{"@type":"WebSite","@id":"https:\/\/www.rozaje.me\/#website","url":"https:\/\/www.rozaje.me\/","name":"Municipality of Ro\u017eaje","description":"The official website of the Municipality of Ro\u017eaje","publisher":{"@id":"https:\/\/www.rozaje.me\/#organization"},"alternateName":"Opstina Rozaje","potentialAction":[{"@type":"SearchAction","target":{"@type":"EntryPoint","urlTemplate":"https:\/\/www.rozaje.me\/?s={search_term_string}"},"query-input":{"@type":"PropertyValueSpecification","valueRequired":true,"valueName":"search_term_string"}}],"inLanguage":"en-GB"},{"@type":"Organization","@id":"https:\/\/www.rozaje.me\/#organization","name":"Opstina Rozaje","url":"https:\/\/www.rozaje.me\/","logo":{"@type":"ImageObject","inLanguage":"en-GB","@id":"https:\/\/www.rozaje.me\/#\/schema\/logo\/image\/","url":"https:\/\/www.rozaje.me\/wp-content\/uploads\/2022\/08\/logo-textless.svg","contentUrl":"https:\/\/www.rozaje.me\/wp-content\/uploads\/2022\/08\/logo-textless.svg","width":108.00360000000000582076609134674072265625,"height":131.15059999999999718056642450392246246337890625,"caption":"Opstina Rozaje"},"image":{"@id":"https:\/\/www.rozaje.me\/#\/schema\/logo\/image\/"},"sameAs":["https:\/\/www.facebook.com\/OpstinaRozajeOfficial\/","https:\/\/www.youtube.com\/channel\/UCepcislHIwc6KRZTLa6FIlg"]}]}},"_links":{"self":[{"href":"https:\/\/www.rozaje.me\/en\/wp-json\/wp\/v2\/pages\/1442","targetHints":{"allow":["GET"]}}],"collection":[{"href":"https:\/\/www.rozaje.me\/en\/wp-json\/wp\/v2\/pages"}],"about":[{"href":"https:\/\/www.rozaje.me\/en\/wp-json\/wp\/v2\/types\/page"}],"author":[{"embeddable":true,"href":"https:\/\/www.rozaje.me\/en\/wp-json\/wp\/v2\/users\/11"}],"replies":[{"embeddable":true,"href":"https:\/\/www.rozaje.me\/en\/wp-json\/wp\/v2\/comments?post=1442"}],"version-history":[{"count":0,"href":"https:\/\/www.rozaje.me\/en\/wp-json\/wp\/v2\/pages\/1442\/revisions"}],"wp:attachment":[{"href":"https:\/\/www.rozaje.me\/en\/wp-json\/wp\/v2\/media?parent=1442"}],"curies":[{"name":"wp","href":"https:\/\/api.w.org\/{rel}","templated":true}]}}