{"id":12698,"date":"2015-03-18T07:46:24","date_gmt":"2015-03-18T07:46:24","guid":{"rendered":"http:\/\/www.rozaje.me\/?page_id=12698"},"modified":"2024-09-16T11:40:59","modified_gmt":"2024-09-16T10:40:59","slug":"mirsad-azemovic","status":"publish","type":"page","link":"https:\/\/www.rozaje.me\/en\/mirsad-azemovic\/","title":{"rendered":"Vice Presidents of the Municipality of Ro\u017eaje"},"content":{"rendered":"<p><strong>Armin Honsic<\/strong><\/p>\n\n\n\n<hr class=\"wp-block-separator has-css-opacity\"\/>\n\n\n\n<p class=\"rt\"><strong>Ismet Kalac<\/strong> was born on May 1, 1967. in Ro\u017eaje.<br \/>He completed primary and secondary school in Ro\u017eaje.<br \/>He graduated from the Higher Technical Textile School in Leskovac, graduated in 1989 at the Faculty of Leskovac, and received the title of Textile Engineer. He was the President of the youth of the student center in Leskovac.<br \/><\/p>\n\n\n\n<ul class=\"wp-block-list\">\n<li>2015. godine zavr\u0161io fakultet\u00a0 za menad\u017ement , dobio zvanje dipl. Menad\u017eer.<\/li>\n\n\n\n<li>Performed the function of head of the Work Organization progress of Ro\u017eaje for a period of four years.<\/li>\n\n\n\n<li>Fukciju direktora u Orta\u010dkomDru\u0161tvu \u201e Mitex\u201c Ro\u017eaje, obavljao\u00a0 od 1993-2003.god.<\/li>\n\n\n\n<li>Istaknuti je \u00a0p\u010delar i Sekretar p\u010delarskog udru\u017eenja \u201e Medljika\u201c.<\/li>\n\n\n\n<li>Obavljao poslove\u00a0 Potpredsjednika Sekretara politi\u010dkog Savjeta.<\/li>\n\n\n\n<li>Bio Odbornik u Skup\u0161tini op\u0161tine Ro\u017eaje u \u00a0sazivu 2014. godine ispred Kluba Bo\u0161nja\u010dke Stranke.<\/li>\n\n\n\n<li>In two convocations, he was a member of the Municipal Board of the Bosniak Party and is a member of the Executive Board.<\/li>\n\n\n\n<li>He held the position of Chief of Cabinet of the President of the Municipality of Ro\u017eaje for 6 years.<\/li>\n<\/ul>\n\n\n\n<p>Married, father of three children.<\/p>","protected":false},"excerpt":{"rendered":"<p>Armin Honsi\u0107 Ismet Kala\u010d ro\u0111en je &nbsp;01.05.1967. godine u Ro\u017eajama.Osnovnu i srednju \u0161kolu zavr\u0161io&nbsp; u Ro\u017eajama.Vi\u0161u tehni\u010dku tekstilnu \u0161kolu zavr\u0161io u Leskovcu , diplomirao 1989.godine,&nbsp;&#46;&#46;&#46;<\/p>","protected":false},"author":11,"featured_media":0,"parent":0,"menu_order":0,"comment_status":"open","ping_status":"open","template":"","meta":{"_monsterinsights_skip_tracking":false,"_monsterinsights_sitenote_active":false,"_monsterinsights_sitenote_note":"","_monsterinsights_sitenote_category":0,"footnotes":""},"class_list":["post-12698","page","type-page","status-publish","hentry"],"yoast_head":"<!-- This site is optimized with the Yoast SEO plugin v27.2 - https:\/\/yoast.com\/product\/yoast-seo-wordpress\/ -->\n<title>Potpredsjednici Op\u0161tine Ro\u017eaje - Op\u0161tina Ro\u017eaje<\/title>\n<meta name=\"robots\" content=\"index, follow, max-snippet:-1, max-image-preview:large, max-video-preview:-1\" \/>\n<link rel=\"canonical\" href=\"https:\/\/www.rozaje.me\/en\/mirsad-azemovic\/\" \/>\n<meta property=\"og:locale\" content=\"en_GB\" \/>\n<meta property=\"og:type\" content=\"article\" \/>\n<meta property=\"og:title\" content=\"Potpredsjednici Op\u0161tine Ro\u017eaje - Op\u0161tina Ro\u017eaje\" \/>\n<meta property=\"og:description\" content=\"Armin Honsi\u0107 Ismet Kala\u010d ro\u0111en je &nbsp;01.05.1967. godine u Ro\u017eajama.Osnovnu i srednju \u0161kolu zavr\u0161io&nbsp; u Ro\u017eajama.Vi\u0161u tehni\u010dku tekstilnu \u0161kolu zavr\u0161io u Leskovcu , diplomirao 1989.godine,&nbsp;&#046;&#046;&#046;\" \/>\n<meta property=\"og:url\" content=\"https:\/\/www.rozaje.me\/en\/mirsad-azemovic\/\" \/>\n<meta property=\"og:site_name\" content=\"Op\u0161tina Ro\u017eaje\" \/>\n<meta property=\"article:publisher\" content=\"https:\/\/www.facebook.com\/OpstinaRozajeOfficial\/\" \/>\n<meta property=\"article:modified_time\" content=\"2024-09-16T10:40:59+00:00\" \/>\n<meta name=\"twitter:card\" content=\"summary_large_image\" \/>\n<meta name=\"twitter:label1\" content=\"Estimated reading time\" \/>\n\t<meta name=\"twitter:data1\" content=\"1 minute\" \/>\n<script type=\"application\/ld+json\" class=\"yoast-schema-graph\">{\"@context\":\"https:\/\/schema.org\",\"@graph\":[{\"@type\":\"WebPage\",\"@id\":\"https:\/\/www.rozaje.me\/mirsad-azemovic\/\",\"url\":\"https:\/\/www.rozaje.me\/mirsad-azemovic\/\",\"name\":\"Potpredsjednici Op\u0161tine Ro\u017eaje - Op\u0161tina Ro\u017eaje\",\"isPartOf\":{\"@id\":\"https:\/\/www.rozaje.me\/#website\"},\"datePublished\":\"2015-03-18T07:46:24+00:00\",\"dateModified\":\"2024-09-16T10:40:59+00:00\",\"breadcrumb\":{\"@id\":\"https:\/\/www.rozaje.me\/mirsad-azemovic\/#breadcrumb\"},\"inLanguage\":\"en-GB\",\"potentialAction\":[{\"@type\":\"ReadAction\",\"target\":[\"https:\/\/www.rozaje.me\/mirsad-azemovic\/\"]}]},{\"@type\":\"BreadcrumbList\",\"@id\":\"https:\/\/www.rozaje.me\/mirsad-azemovic\/#breadcrumb\",\"itemListElement\":[{\"@type\":\"ListItem\",\"position\":1,\"name\":\"Home\",\"item\":\"https:\/\/www.rozaje.me\/\"},{\"@type\":\"ListItem\",\"position\":2,\"name\":\"Potpredsjednici Op\u0161tine Ro\u017eaje\"}]},{\"@type\":\"WebSite\",\"@id\":\"https:\/\/www.rozaje.me\/#website\",\"url\":\"https:\/\/www.rozaje.me\/\",\"name\":\"Op\u0161tina Ro\u017eaje\",\"description\":\"Zvani\u010dna veb stranica Op\u0161tine Ro\u017eaje\",\"publisher\":{\"@id\":\"https:\/\/www.rozaje.me\/#organization\"},\"alternateName\":\"Opstina Rozaje\",\"potentialAction\":[{\"@type\":\"SearchAction\",\"target\":{\"@type\":\"EntryPoint\",\"urlTemplate\":\"https:\/\/www.rozaje.me\/?s={search_term_string}\"},\"query-input\":{\"@type\":\"PropertyValueSpecification\",\"valueRequired\":true,\"valueName\":\"search_term_string\"}}],\"inLanguage\":\"en-GB\"},{\"@type\":\"Organization\",\"@id\":\"https:\/\/www.rozaje.me\/#organization\",\"name\":\"Opstina Rozaje\",\"url\":\"https:\/\/www.rozaje.me\/\",\"logo\":{\"@type\":\"ImageObject\",\"inLanguage\":\"en-GB\",\"@id\":\"https:\/\/www.rozaje.me\/#\/schema\/logo\/image\/\",\"url\":\"https:\/\/www.rozaje.me\/wp-content\/uploads\/2022\/08\/logo-textless.svg\",\"contentUrl\":\"https:\/\/www.rozaje.me\/wp-content\/uploads\/2022\/08\/logo-textless.svg\",\"width\":108.00360000000000582076609134674072265625,\"height\":131.15059999999999718056642450392246246337890625,\"caption\":\"Opstina Rozaje\"},\"image\":{\"@id\":\"https:\/\/www.rozaje.me\/#\/schema\/logo\/image\/\"},\"sameAs\":[\"https:\/\/www.facebook.com\/OpstinaRozajeOfficial\/\",\"https:\/\/www.youtube.com\/channel\/UCepcislHIwc6KRZTLa6FIlg\"]}]}<\/script>\n<!-- \/ Yoast SEO plugin. -->","yoast_head_json":{"title":"Potpredsjednici Op\u0161tine Ro\u017eaje - Op\u0161tina Ro\u017eaje","robots":{"index":"index","follow":"follow","max-snippet":"max-snippet:-1","max-image-preview":"max-image-preview:large","max-video-preview":"max-video-preview:-1"},"canonical":"https:\/\/www.rozaje.me\/en\/mirsad-azemovic\/","og_locale":"en_GB","og_type":"article","og_title":"Potpredsjednici Op\u0161tine Ro\u017eaje - Op\u0161tina Ro\u017eaje","og_description":"Armin Honsi\u0107 Ismet Kala\u010d ro\u0111en je &nbsp;01.05.1967. godine u Ro\u017eajama.Osnovnu i srednju \u0161kolu zavr\u0161io&nbsp; u Ro\u017eajama.Vi\u0161u tehni\u010dku tekstilnu \u0161kolu zavr\u0161io u Leskovcu , diplomirao 1989.godine,&nbsp;&#46;&#46;&#46;","og_url":"https:\/\/www.rozaje.me\/en\/mirsad-azemovic\/","og_site_name":"Op\u0161tina Ro\u017eaje","article_publisher":"https:\/\/www.facebook.com\/OpstinaRozajeOfficial\/","article_modified_time":"2024-09-16T10:40:59+00:00","twitter_card":"summary_large_image","twitter_misc":{"Estimated reading time":"1 minute"},"schema":{"@context":"https:\/\/schema.org","@graph":[{"@type":"WebPage","@id":"https:\/\/www.rozaje.me\/mirsad-azemovic\/","url":"https:\/\/www.rozaje.me\/mirsad-azemovic\/","name":"Potpredsjednici Op\u0161tine Ro\u017eaje - Op\u0161tina Ro\u017eaje","isPartOf":{"@id":"https:\/\/www.rozaje.me\/#website"},"datePublished":"2015-03-18T07:46:24+00:00","dateModified":"2024-09-16T10:40:59+00:00","breadcrumb":{"@id":"https:\/\/www.rozaje.me\/mirsad-azemovic\/#breadcrumb"},"inLanguage":"en-GB","potentialAction":[{"@type":"ReadAction","target":["https:\/\/www.rozaje.me\/mirsad-azemovic\/"]}]},{"@type":"BreadcrumbList","@id":"https:\/\/www.rozaje.me\/mirsad-azemovic\/#breadcrumb","itemListElement":[{"@type":"ListItem","position":1,"name":"Home","item":"https:\/\/www.rozaje.me\/"},{"@type":"ListItem","position":2,"name":"Potpredsjednici Op\u0161tine Ro\u017eaje"}]},{"@type":"WebSite","@id":"https:\/\/www.rozaje.me\/#website","url":"https:\/\/www.rozaje.me\/","name":"Municipality of Ro\u017eaje","description":"The official website of the Municipality of Ro\u017eaje","publisher":{"@id":"https:\/\/www.rozaje.me\/#organization"},"alternateName":"Opstina Rozaje","potentialAction":[{"@type":"SearchAction","target":{"@type":"EntryPoint","urlTemplate":"https:\/\/www.rozaje.me\/?s={search_term_string}"},"query-input":{"@type":"PropertyValueSpecification","valueRequired":true,"valueName":"search_term_string"}}],"inLanguage":"en-GB"},{"@type":"Organization","@id":"https:\/\/www.rozaje.me\/#organization","name":"Opstina Rozaje","url":"https:\/\/www.rozaje.me\/","logo":{"@type":"ImageObject","inLanguage":"en-GB","@id":"https:\/\/www.rozaje.me\/#\/schema\/logo\/image\/","url":"https:\/\/www.rozaje.me\/wp-content\/uploads\/2022\/08\/logo-textless.svg","contentUrl":"https:\/\/www.rozaje.me\/wp-content\/uploads\/2022\/08\/logo-textless.svg","width":108.00360000000000582076609134674072265625,"height":131.15059999999999718056642450392246246337890625,"caption":"Opstina Rozaje"},"image":{"@id":"https:\/\/www.rozaje.me\/#\/schema\/logo\/image\/"},"sameAs":["https:\/\/www.facebook.com\/OpstinaRozajeOfficial\/","https:\/\/www.youtube.com\/channel\/UCepcislHIwc6KRZTLa6FIlg"]}]}},"_links":{"self":[{"href":"https:\/\/www.rozaje.me\/en\/wp-json\/wp\/v2\/pages\/12698","targetHints":{"allow":["GET"]}}],"collection":[{"href":"https:\/\/www.rozaje.me\/en\/wp-json\/wp\/v2\/pages"}],"about":[{"href":"https:\/\/www.rozaje.me\/en\/wp-json\/wp\/v2\/types\/page"}],"author":[{"embeddable":true,"href":"https:\/\/www.rozaje.me\/en\/wp-json\/wp\/v2\/users\/11"}],"replies":[{"embeddable":true,"href":"https:\/\/www.rozaje.me\/en\/wp-json\/wp\/v2\/comments?post=12698"}],"version-history":[{"count":0,"href":"https:\/\/www.rozaje.me\/en\/wp-json\/wp\/v2\/pages\/12698\/revisions"}],"wp:attachment":[{"href":"https:\/\/www.rozaje.me\/en\/wp-json\/wp\/v2\/media?parent=12698"}],"curies":[{"name":"wp","href":"https:\/\/api.w.org\/{rel}","templated":true}]}}