{"id":12659,"date":"2015-03-17T18:45:41","date_gmt":"2015-03-17T17:45:41","guid":{"rendered":"http:\/\/www.rozaje.me\/?page_id=12659"},"modified":"2024-09-16T11:56:15","modified_gmt":"2024-09-16T10:56:15","slug":"kontakt-2","status":"publish","type":"page","link":"https:\/\/www.rozaje.me\/en\/kontakt-2\/","title":{"rendered":"Contact"},"content":{"rendered":"<p><strong><span style=\"color: #003366;\"><a class=\"button small default\"><span style=\"color: #003366;\">Predsjednik Op\u0161tine<\/span><\/a><\/span><\/strong><\/p>\n<p><strong>Rahman Husovi\u0107<\/strong><br \/>\nMar\u0161ala Tita bb, 84 310 Ro\u017eaje<br \/>\nTel +382 (0) 51\/270-430,\u00a0 Fax +382 (0) 51\/270-432<br \/>\ne-mail: <a href=\"mailto:opstina_rozaje@t-com.me\">opstina_rozaje@t-com.me<\/a>\u00a0;<\/p>\n<div class=\"line\" style=\"text-align: right;\"><span class=\"top\">[<a href=\"http:\/\/www.rozaje.me\/biografija-i-nadleznosti\/\">Predsjednik<\/a>]<\/span><\/div>\n<p><span style=\"color: #003366;\"><strong><a class=\"button small default\"><span style=\"color: #003366;\"><strong>Slu\u017eba Predsjednika Op\u0161tine<\/strong><\/span><\/a> <\/strong><\/span><\/p>\n<p><strong>Emir Ku\u010d<\/strong><br \/>\nMar\u0161ala Tita bb, 84 310 Ro\u017eaje<br \/>\nTel: +382 (0) 51\/270-430;\u00a0 mob:068\/633-337<br \/>\nemail: <a href=\"mailto:opstina_rozaje@t-com.me\">opstina_rozaje@t-com.me<\/a><\/p>\n<div class=\"line\" style=\"text-align: right;\"><span class=\"top\">[<a href=\"http:\/\/www.rozaje.me\/?page_id=626\">Slu\u017eba Predsjednika Op\u0161tine<\/a>]<\/span><\/div>\n<p><span style=\"color: #003366;\"><strong><a class=\"button small default\"><span style=\"color: #003366;\"><strong>Predsjednik Skup\u0161tine<\/strong><\/span><\/a> <\/strong><\/span><\/p>\n<p><strong>Almir Avdi\u0107<\/strong><br \/>\nMar\u0161ala Tita bb, 84 310 Ro\u017eaje<br \/>\nTel: +382 (0) 51\/271-102;\u00a0 mob:<br \/>\ne-mail:\u00a0<a href=\"skupstinaopstinerozaje@t-com.me\">skupstinaopstinerozaje@t-com.me<\/a><\/p>\n<div class=\"line\" style=\"text-align: right;\"><span class=\"top\">[<a href=\"http:\/\/www.rozaje.me\/?page_id=514\">Predsjednik Skup\u0161tine<\/a>]<\/span><\/div>\n<p><span style=\"color: #003366;\"><strong><a class=\"button small default\"><span style=\"color: #003366;\"><strong>Sekretar Skup\u0161tine<\/strong><\/span><\/a>\u00a0<\/strong><\/span><\/p>\n<p><strong>Amer Daci\u0107, dipl. pravnik<br \/>\n<\/strong>Mar\u0161ala Tita bb, 84 310 Ro\u017eaje<br \/>\nTel: +382 51 271 201<br \/>\ne-mail: <a href=\"skupstinaopstinerozaje@t-com.me\">skupstinaopstinerozaje@t-com.me<\/a><\/p>\n<div class=\"line\" style=\"text-align: right;\"><span class=\"top\">[<a href=\"http:\/\/www.rozaje.me\/?page_id=517\">Sekretar Skup\u0161tine<\/a>]<\/span><\/div>\n<div class=\"line\" style=\"text-align: right;\"><\/div>\n<p><span style=\"color: #003366;\"><strong><a class=\"button small default\"><span style=\"color: #003366;\"><strong>Glavni administrator<\/strong><\/span><\/a><\/strong><\/span><\/p>\n<p><strong>Smajo Muri\u0107 VD<\/strong><br \/>\nMar\u0161ala Tita bb, 84 310 Ro\u017eaje<br \/>\nTel: +382 (0) 51\/274-552;<br \/>\ne-mail: <a href=\"mailto:glavni.adm.rozaje@outlook.com\">glavni.adm.rozaje@outlook.com<\/a><\/p>\n<div class=\"line\" style=\"text-align: right;\"><span class=\"top\">[<a href=\"http:\/\/www.rozaje.me\/?page_id=624\">Glavni administrator<\/a>]<\/span><\/div>\n<p><span style=\"color: #003366;\"><strong><a class=\"button small default\"><span style=\"color: #003366;\"><strong>Sekretarijat za finansije i ekonomski razvoj<\/strong><\/span><\/a> <\/strong><\/span><\/p>\n<p><strong>Emir Ze\u0107irovi\u0107<\/strong><br \/>\nMar\u0161ala Tita bb, 84 310 Ro\u017eaje<br \/>\nTel: +382 (0) 51\/270-118; 068 521 383<br \/>\ne-mail: <a href=\"mailto:trezor-rozaje@t-com.me\">trezor-rozaje@t-com.me<\/a><\/p>\n<div class=\"line\" style=\"text-align: right;\"><span class=\"top\">[<a href=\"http:\/\/www.rozaje.me\/?page_id=644\">Sekretarijat za privredu i finansije<\/a>]<\/span><\/div>\n<p><span style=\"color: #003366;\"><strong><a class=\"button small default\"><span style=\"color: #003366;\">Sekretarijat za planiranje, ure\u0111enje prostora i za\u0161tita \u017eivotne sredine <\/span><\/a><\/strong><\/span><\/p>\n<p><strong>Ismet Had\u017ei\u0107<\/strong><br \/>\nMar\u0161ala Tita bb, 84 310 Ro\u017eaje<br \/>\nTel: +382 (0) 51\/271-201 ;\u00a0 068 838 641<br \/>\ne-mail: <a href=\"dzudzevicrusmir@yahoo.com\" target=\"_parent\" rel=\"noopener noreferrer\">h.ismet85@hotmail.com<\/a><\/p>\n<div class=\"line\" style=\"text-align: right;\"><span class=\"top\">[<a href=\"http:\/\/www.rozaje.me\/?page_id=647\">Sekretarijat za ure\u0111enje prostora<\/a>]<\/span><\/div>\n<p><span style=\"color: #003366;\"><strong><a class=\"button small default\"><span style=\"color: #003366;\"><strong>Sekretarijat za op\u0161tu upravu<\/strong><\/span><\/a> <\/strong><\/span><\/p>\n<p><strong>\u0160ahi\u0107 Amel<\/strong><br \/>\nMar\u0161ala Tita bb, 84 310 Ro\u017eaje<br \/>\nTel: +382 (0) 51\/271-143;\u00a0 mob:069\/511-114<br \/>\ne-mail: amelsahic@gmail.com<\/p>\n<div class=\"line\" style=\"text-align: right;\"><span class=\"top\">[<a href=\"http:\/\/www.rozaje.me\/?page_id=640\">Sekretarijat za op\u0161tu upravu<\/a>]<\/span><\/div>\n<div class=\"line\" style=\"text-align: right;\"><\/div>\n<div>\n<p><strong><a class=\"button small default\">Sekretar za sport, kulturu i mlade<br \/>\n<\/a>\u00a0<\/strong><\/p>\n<p><strong>Hamdo \u0160utkovi\u0107, dipl. pravnik<br \/>\n<\/strong>Mar\u0161ala Tita bb, 84 310 Ro\u017eaje<\/p>\n<p><strong><a class=\"button small default\">Sekretar za komunalno stambene objekte i saobra\u0107aj<br \/>\n<\/a>\u00a0<\/strong><\/p>\n<p><strong>Ajsel Kala\u010d<br \/>\n<\/strong>Mar\u0161ala Tita bb, 84 310 Ro\u017eaje<br \/>\nTel. 069\/196-001<br \/>\nEmail: ajselkalac1986@gmail.com<\/p>\n<p><strong><a class=\"button small default\">Sekretar za poljoprivredu, vodoprivredu i ruralni razvoj<br \/>\n<\/a>\u00a0<\/strong><\/p>\n<p><strong>Mersad \u0160utkovi\u0107<br \/>\n<\/strong>Mar\u0161ala Tita bb, 84 310 Ro\u017eaje<\/p>\n<\/div>\n<p><span style=\"color: #003366;\"><strong><a class=\"button small default\"><span style=\"color: #003366;\"><strong>Direkcija za imovinu<\/strong><\/span><\/a> <\/strong><\/span><\/p>\n<p><strong>Armin \u0106alakovi\u0107 VD<\/strong><br \/>\nMar\u0161ala Tita bb, 84 310 Ro\u017eaje<br \/>\nE-mail: <span class=\"tojvnm2t a6sixzi8 abs2jz4q a8s20v7p t1p8iaqh k5wvi7nf q3lfd5jv pk4s997a bipmatt0 cebpdrjk qowsmv63 owwhemhu dp1hu0rb dhp61c6y iyyx5f41\">imovina.ro@gmail.com<\/span><\/p>\n<div class=\"line\" style=\"text-align: right;\"><span class=\"top\">[<a href=\"http:\/\/www.rozaje.me\/?page_id=631\">Direkcija za imovinu<\/a>]<\/span><\/div>\n<p><span style=\"color: #003366;\"><strong><a class=\"button small default\"><span style=\"color: #003366;\"><strong>Komunalna policija<\/strong><\/span><\/a> <\/strong><\/span><\/p>\n<p><strong>Mensur Kalender<\/strong><br \/>\nMar\u0161ala Tita bb, 84 310 Ro\u017eaje<br \/>\nMob: 067 464 341<br \/>\ne-mail: <a href=\"komunalnapolicijarozaje@gmail.com\" target=\"_parent\" rel=\"noopener noreferrer\">komunalnapolicijarozaje@gmail.com<\/a><\/p>\n<div class=\"line\" style=\"text-align: right;\"><span class=\"top\">[<a href=\"http:\/\/www.rozaje.me\/?page_id=636\">Komunalna policija<\/a>]<\/span><\/div>\n<p><span style=\"color: #003366;\"><strong><a class=\"button small default\"><span style=\"color: #003366;\"><strong>Slu\u017eba za\u0161tite<\/strong><\/span><\/a> <\/strong><\/span><\/p>\n<p><strong>Be\u0107ir Kala\u010d<\/strong><br \/>\nMar\u0161ala Tita bb, 84 310 Ro\u017eaje<br \/>\nTel: +382 (0) 51\/270-290; \u00a0Mob: 069\/016-020<br \/>\ne-mail: <a href=\"szrozaje@hotmail.com\" target=\"_parent\" rel=\"noopener noreferrer\">szrozaje@hotmail.com<\/a><\/p>\n<div class=\"line\" style=\"text-align: right;\"><span class=\"top\">[<a href=\"http:\/\/www.rozaje.me\/?page_id=638\">Slu\u017eba za\u0161tite<\/a>]<\/span><\/div>\n<div class=\"line\" style=\"text-align: right;\"><\/div>\n<p><span style=\"color: #003366;\"><strong><a class=\"button small default\"><span style=\"color: #003366;\"><strong>Centar za kulturu<\/strong><\/span><\/a><\/strong><\/span><\/p>\n<p><strong>Sulejman Kujevi\u0107<\/strong><br \/>\nMar\u0161ala Tita bb, 84 310 Ro\u017eaje<br \/>\nTel: +382 (0) 51\/274-150;\u00a0 Mob:067\/510-589<br \/>\ne-mail: <a href=\"mailto:czk@t-com.me\">czk@t-com.me<\/a><br \/>\ne-mail_2:<a href=\"mailto:czkrozaje@gmail.com\"> czkrozaje@gmail.com<\/a><\/p>\n<div class=\"line\" style=\"text-align: right;\"><span class=\"top\">[<a href=\"http:\/\/www.rozaje.me\/?page_id=501\">Centar za kulturu<\/a>]<\/span><\/div>\n<p><span style=\"color: #003366;\"><strong><a class=\"button small default\"><span style=\"color: #003366;\"><strong>Sportski centar<\/strong><\/span><\/a><\/strong><\/span><\/p>\n<p><strong>Asad Omerovi\u0107<\/strong><br \/>\nCarine 2, 84 310 Ro\u017eaje<br \/>\nTel: +382 (0) 51\/271-034;\u00a0 Mob:069\/306-814<br \/>\ne-mail: <a href=\"mailto:sportskicentarrozaje@hotmail.com\">sportskicentarrozaje@hotmail.com<\/a><\/p>\n<div class=\"line\" style=\"text-align: right;\"><span class=\"top\">[<a href=\"http:\/\/www.rozaje.me\/?page_id=510\">Sportski centar<\/a>]<\/span><\/div>\n<p><span style=\"color: #003366;\"><strong><a class=\"button small default\"><span style=\"color: #003366;\"><strong>Turisti\u010dka organizacija<\/strong><\/span><\/a><\/strong><\/span><\/p>\n<p><strong>Ned\u017ead Muri\u0107<\/strong><br \/>\nMar\u0161ala Tita bb, 84 310 Ro\u017eaje<br \/>\nTel: +382 (0) 51\/270-158;<br \/>\ne-mail: <a href=\"mailto:info@rozaje.travel\">info@rozaje.travel<\/a><\/p>\n<div class=\"line\" style=\"text-align: right;\"><span class=\"top\">[<a href=\"http:\/\/www.rozaje.me\/?page_id=1442\">Turisti\u010dka organizacija<\/a>]<\/span><\/div>\n<p><span style=\"color: #003366;\"><strong><a class=\"button small default\"><span style=\"color: #003366;\"><strong>Zavi\u010dajni muzej \u201eGani\u0107a kula\u201c<\/strong><\/span><\/a> <\/strong><\/span><\/p>\n<p><strong>Edin Sutovi\u0107<\/strong><br \/>\nTrg IX Crnogorske brigade bb<br \/>\nMob: 067 403 503<br \/>\nTel: 051\/272\/050<br \/>\ne-mail: <a href=\"mailto:muzejrozaje@gmail.com\">muzejrozaje@gmail.com<\/a>;<\/p>\n<div class=\"line\" style=\"text-align: right;\"><span class=\"top\">[<a href=\"http:\/\/www.rozaje.me\/?page_id=504\">Zavi\u010dajni muzej<\/a>]<\/span><\/div>\n<p><span style=\"color: #003366;\"><strong><a class=\"button small default\"><span style=\"color: #003366;\"><strong>Komunalno preduze\u0107e<\/strong><\/span><\/a> <\/strong><\/span><\/p>\n<p><strong>Nazim Daci\u0107<\/strong><br \/>\nJaha Kurtagica bb, 84 310 Ro\u017eaje<br \/>\nTel: +382 (0) 51\/271-330;<br \/>\ne-mail: <a href=\"mailto:komunalno@rozaje.me\">doo.komunalno@gmail.com<\/a>;<\/p>\n<div class=\"line\" style=\"text-align: right;\"><span class=\"top\">[<a href=\"http:\/\/www.rozaje.me\/?page_id=506\">Komunalno preduze\u0107e<\/a>]<\/span><\/div>\n<p><span style=\"color: #003366;\"><strong><a class=\"button small default\"><span style=\"color: #003366;\"><strong>DOO &#8220;Vodovod i kanalizacija&#8221;<\/strong><\/span><\/a><\/strong><\/span><\/p>\n<p><strong>Senad Mujevi\u0107<\/strong><br \/>\nTel\/fax: +382(0)51 271 334;<br \/>\nE-mail: <a href=\"mailto:jpvik.r@hotmail.com\">jpvik.r@hotmail.com<\/a><br \/>\nPIB: 02776146<br \/>\nPDV: 62\/31-00549-6<\/p>\n<div class=\"line\" style=\"text-align: right;\"><span class=\"top\">[<a href=\"http:\/\/www.rozaje.me\/?page_id=508\">Vodovod i kanalizacija<\/a>]<\/span><\/div>\n","protected":false},"excerpt":{"rendered":"<p>Predsjednik Op\u0161tine Rahman Husovi\u0107 Mar\u0161ala Tita bb, 84 310 Ro\u017eaje Tel +382 (0) 51\/270-430,\u00a0 Fax +382 (0) 51\/270-432 e-mail: opstina_rozaje@t-com.me\u00a0; [Predsjednik] Slu\u017eba Predsjednika Op\u0161tine Emir&#46;&#46;&#46;<\/p>\n","protected":false},"author":11,"featured_media":0,"parent":0,"menu_order":0,"comment_status":"open","ping_status":"closed","template":"","meta":{"_monsterinsights_skip_tracking":false,"_monsterinsights_sitenote_active":false,"_monsterinsights_sitenote_note":"","_monsterinsights_sitenote_category":0,"footnotes":""},"class_list":["post-12659","page","type-page","status-publish","hentry"],"yoast_head":"<!-- This site is optimized with the Yoast SEO plugin v27.2 - https:\/\/yoast.com\/product\/yoast-seo-wordpress\/ -->\n<title>Kontakt - Op\u0161tina Ro\u017eaje<\/title>\n<meta name=\"robots\" content=\"index, follow, max-snippet:-1, max-image-preview:large, max-video-preview:-1\" \/>\n<link rel=\"canonical\" href=\"https:\/\/www.rozaje.me\/en\/kontakt-2\/\" \/>\n<meta property=\"og:locale\" content=\"en_GB\" \/>\n<meta property=\"og:type\" content=\"article\" \/>\n<meta property=\"og:title\" content=\"Kontakt - Op\u0161tina Ro\u017eaje\" \/>\n<meta property=\"og:description\" content=\"Predsjednik Op\u0161tine Rahman Husovi\u0107 Mar\u0161ala Tita bb, 84 310 Ro\u017eaje Tel +382 (0) 51\/270-430,\u00a0 Fax +382 (0) 51\/270-432 e-mail: opstina_rozaje@t-com.me\u00a0; [Predsjednik] Slu\u017eba Predsjednika Op\u0161tine Emir&#046;&#046;&#046;\" \/>\n<meta property=\"og:url\" content=\"https:\/\/www.rozaje.me\/en\/kontakt-2\/\" \/>\n<meta property=\"og:site_name\" content=\"Op\u0161tina Ro\u017eaje\" \/>\n<meta property=\"article:publisher\" content=\"https:\/\/www.facebook.com\/OpstinaRozajeOfficial\/\" \/>\n<meta property=\"article:modified_time\" content=\"2024-09-16T10:56:15+00:00\" \/>\n<meta name=\"twitter:card\" content=\"summary_large_image\" \/>\n<meta name=\"twitter:label1\" content=\"Estimated reading time\" \/>\n\t<meta name=\"twitter:data1\" content=\"3 minutes\" \/>\n<script type=\"application\/ld+json\" class=\"yoast-schema-graph\">{\"@context\":\"https:\/\/schema.org\",\"@graph\":[{\"@type\":\"WebPage\",\"@id\":\"https:\/\/www.rozaje.me\/kontakt-2\/\",\"url\":\"https:\/\/www.rozaje.me\/kontakt-2\/\",\"name\":\"Kontakt - Op\u0161tina Ro\u017eaje\",\"isPartOf\":{\"@id\":\"https:\/\/www.rozaje.me\/#website\"},\"datePublished\":\"2015-03-17T17:45:41+00:00\",\"dateModified\":\"2024-09-16T10:56:15+00:00\",\"breadcrumb\":{\"@id\":\"https:\/\/www.rozaje.me\/kontakt-2\/#breadcrumb\"},\"inLanguage\":\"en-GB\",\"potentialAction\":[{\"@type\":\"ReadAction\",\"target\":[\"https:\/\/www.rozaje.me\/kontakt-2\/\"]}]},{\"@type\":\"BreadcrumbList\",\"@id\":\"https:\/\/www.rozaje.me\/kontakt-2\/#breadcrumb\",\"itemListElement\":[{\"@type\":\"ListItem\",\"position\":1,\"name\":\"Home\",\"item\":\"https:\/\/www.rozaje.me\/\"},{\"@type\":\"ListItem\",\"position\":2,\"name\":\"Kontakt\"}]},{\"@type\":\"WebSite\",\"@id\":\"https:\/\/www.rozaje.me\/#website\",\"url\":\"https:\/\/www.rozaje.me\/\",\"name\":\"Op\u0161tina Ro\u017eaje\",\"description\":\"Zvani\u010dna veb stranica Op\u0161tine Ro\u017eaje\",\"publisher\":{\"@id\":\"https:\/\/www.rozaje.me\/#organization\"},\"alternateName\":\"Opstina Rozaje\",\"potentialAction\":[{\"@type\":\"SearchAction\",\"target\":{\"@type\":\"EntryPoint\",\"urlTemplate\":\"https:\/\/www.rozaje.me\/?s={search_term_string}\"},\"query-input\":{\"@type\":\"PropertyValueSpecification\",\"valueRequired\":true,\"valueName\":\"search_term_string\"}}],\"inLanguage\":\"en-GB\"},{\"@type\":\"Organization\",\"@id\":\"https:\/\/www.rozaje.me\/#organization\",\"name\":\"Opstina Rozaje\",\"url\":\"https:\/\/www.rozaje.me\/\",\"logo\":{\"@type\":\"ImageObject\",\"inLanguage\":\"en-GB\",\"@id\":\"https:\/\/www.rozaje.me\/#\/schema\/logo\/image\/\",\"url\":\"https:\/\/www.rozaje.me\/wp-content\/uploads\/2022\/08\/logo-textless.svg\",\"contentUrl\":\"https:\/\/www.rozaje.me\/wp-content\/uploads\/2022\/08\/logo-textless.svg\",\"width\":108.00360000000000582076609134674072265625,\"height\":131.15059999999999718056642450392246246337890625,\"caption\":\"Opstina Rozaje\"},\"image\":{\"@id\":\"https:\/\/www.rozaje.me\/#\/schema\/logo\/image\/\"},\"sameAs\":[\"https:\/\/www.facebook.com\/OpstinaRozajeOfficial\/\",\"https:\/\/www.youtube.com\/channel\/UCepcislHIwc6KRZTLa6FIlg\"]}]}<\/script>\n<!-- \/ Yoast SEO plugin. -->","yoast_head_json":{"title":"Kontakt - Op\u0161tina Ro\u017eaje","robots":{"index":"index","follow":"follow","max-snippet":"max-snippet:-1","max-image-preview":"max-image-preview:large","max-video-preview":"max-video-preview:-1"},"canonical":"https:\/\/www.rozaje.me\/en\/kontakt-2\/","og_locale":"en_GB","og_type":"article","og_title":"Kontakt - Op\u0161tina Ro\u017eaje","og_description":"Predsjednik Op\u0161tine Rahman Husovi\u0107 Mar\u0161ala Tita bb, 84 310 Ro\u017eaje Tel +382 (0) 51\/270-430,\u00a0 Fax +382 (0) 51\/270-432 e-mail: opstina_rozaje@t-com.me\u00a0; [Predsjednik] Slu\u017eba Predsjednika Op\u0161tine Emir&#46;&#46;&#46;","og_url":"https:\/\/www.rozaje.me\/en\/kontakt-2\/","og_site_name":"Op\u0161tina Ro\u017eaje","article_publisher":"https:\/\/www.facebook.com\/OpstinaRozajeOfficial\/","article_modified_time":"2024-09-16T10:56:15+00:00","twitter_card":"summary_large_image","twitter_misc":{"Estimated reading time":"3 minutes"},"schema":{"@context":"https:\/\/schema.org","@graph":[{"@type":"WebPage","@id":"https:\/\/www.rozaje.me\/kontakt-2\/","url":"https:\/\/www.rozaje.me\/kontakt-2\/","name":"Kontakt - Op\u0161tina Ro\u017eaje","isPartOf":{"@id":"https:\/\/www.rozaje.me\/#website"},"datePublished":"2015-03-17T17:45:41+00:00","dateModified":"2024-09-16T10:56:15+00:00","breadcrumb":{"@id":"https:\/\/www.rozaje.me\/kontakt-2\/#breadcrumb"},"inLanguage":"en-GB","potentialAction":[{"@type":"ReadAction","target":["https:\/\/www.rozaje.me\/kontakt-2\/"]}]},{"@type":"BreadcrumbList","@id":"https:\/\/www.rozaje.me\/kontakt-2\/#breadcrumb","itemListElement":[{"@type":"ListItem","position":1,"name":"Home","item":"https:\/\/www.rozaje.me\/"},{"@type":"ListItem","position":2,"name":"Kontakt"}]},{"@type":"WebSite","@id":"https:\/\/www.rozaje.me\/#website","url":"https:\/\/www.rozaje.me\/","name":"Municipality of Ro\u017eaje","description":"The official website of the Municipality of Ro\u017eaje","publisher":{"@id":"https:\/\/www.rozaje.me\/#organization"},"alternateName":"Opstina Rozaje","potentialAction":[{"@type":"SearchAction","target":{"@type":"EntryPoint","urlTemplate":"https:\/\/www.rozaje.me\/?s={search_term_string}"},"query-input":{"@type":"PropertyValueSpecification","valueRequired":true,"valueName":"search_term_string"}}],"inLanguage":"en-GB"},{"@type":"Organization","@id":"https:\/\/www.rozaje.me\/#organization","name":"Opstina Rozaje","url":"https:\/\/www.rozaje.me\/","logo":{"@type":"ImageObject","inLanguage":"en-GB","@id":"https:\/\/www.rozaje.me\/#\/schema\/logo\/image\/","url":"https:\/\/www.rozaje.me\/wp-content\/uploads\/2022\/08\/logo-textless.svg","contentUrl":"https:\/\/www.rozaje.me\/wp-content\/uploads\/2022\/08\/logo-textless.svg","width":108.00360000000000582076609134674072265625,"height":131.15059999999999718056642450392246246337890625,"caption":"Opstina Rozaje"},"image":{"@id":"https:\/\/www.rozaje.me\/#\/schema\/logo\/image\/"},"sameAs":["https:\/\/www.facebook.com\/OpstinaRozajeOfficial\/","https:\/\/www.youtube.com\/channel\/UCepcislHIwc6KRZTLa6FIlg"]}]}},"_links":{"self":[{"href":"https:\/\/www.rozaje.me\/en\/wp-json\/wp\/v2\/pages\/12659","targetHints":{"allow":["GET"]}}],"collection":[{"href":"https:\/\/www.rozaje.me\/en\/wp-json\/wp\/v2\/pages"}],"about":[{"href":"https:\/\/www.rozaje.me\/en\/wp-json\/wp\/v2\/types\/page"}],"author":[{"embeddable":true,"href":"https:\/\/www.rozaje.me\/en\/wp-json\/wp\/v2\/users\/11"}],"replies":[{"embeddable":true,"href":"https:\/\/www.rozaje.me\/en\/wp-json\/wp\/v2\/comments?post=12659"}],"version-history":[{"count":0,"href":"https:\/\/www.rozaje.me\/en\/wp-json\/wp\/v2\/pages\/12659\/revisions"}],"wp:attachment":[{"href":"https:\/\/www.rozaje.me\/en\/wp-json\/wp\/v2\/media?parent=12659"}],"curies":[{"name":"wp","href":"https:\/\/api.w.org\/{rel}","templated":true}]}}