{"id":12109,"date":"2015-01-23T07:46:04","date_gmt":"2015-01-23T07:46:04","guid":{"rendered":"http:\/\/www.rozaje.me\/?page_id=12109"},"modified":"2026-03-17T14:10:32","modified_gmt":"2026-03-17T13:10:32","slug":"menadzer","status":"publish","type":"page","link":"https:\/\/www.rozaje.me\/en\/menadzer\/","title":{"rendered":"The manager"},"content":{"rendered":"<p style=\"text-align: left;\" align=\"center\"><strong>Menad\u017eer: Mersudin Ku\u010d<br \/>\nE-mail: mersudinkuc@gmail.com<\/strong><\/p>\n<p><strong>Menad\u017eer koordinira rad na pripremi i realizaciji razvojnih programa i projekata kojima se:<\/strong><\/p>\n<p>- encourages economic development, ensures environmental protection, sustainable development, encourages entrepreneurial initiatives, private and public partnership and initiates changes in regulations in order to create an encouraging environment for the development of local self-government.<\/p>\n<ul>\n<li>The manager is appointed and dismissed by the President of the Municipality, in accordance with the law and the Statute of the Municipality.<\/li>\n<li>The manager is appointed on the basis of public advertising for an indefinite period.<\/li>\n<li>The manager submits a report on his work to the President of the municipality at least once a year.<\/li>\n<li>The manager is responsible for his work to the President of the municipality.<\/li>\n<\/ul>","protected":false},"excerpt":{"rendered":"<p>Menad\u017eer: Mersudin Ku\u010d E-mail: mersudinkuc@gmail.com Menad\u017eer koordinira rad na pripremi i realizaciji razvojnih programa i projekata kojima se: &#8211; podsti\u010de ekonomski razvoj, obezbe\u0111uje za\u0161tita \u017eivotne&#46;&#46;&#46;<\/p>","protected":false},"author":11,"featured_media":0,"parent":0,"menu_order":0,"comment_status":"open","ping_status":"open","template":"","meta":{"_monsterinsights_skip_tracking":false,"_monsterinsights_sitenote_active":false,"_monsterinsights_sitenote_note":"","_monsterinsights_sitenote_category":0,"footnotes":""},"class_list":["post-12109","page","type-page","status-publish","hentry"],"yoast_head":"<!-- This site is optimized with the Yoast SEO plugin v27.2 - https:\/\/yoast.com\/product\/yoast-seo-wordpress\/ -->\n<title>Menad\u017eer - Op\u0161tina Ro\u017eaje<\/title>\n<meta name=\"robots\" content=\"index, follow, max-snippet:-1, max-image-preview:large, max-video-preview:-1\" \/>\n<link rel=\"canonical\" href=\"https:\/\/www.rozaje.me\/en\/menadzer\/\" \/>\n<meta property=\"og:locale\" content=\"en_GB\" \/>\n<meta property=\"og:type\" content=\"article\" \/>\n<meta property=\"og:title\" content=\"Menad\u017eer - Op\u0161tina Ro\u017eaje\" \/>\n<meta property=\"og:description\" content=\"Menad\u017eer: Mersudin Ku\u010d E-mail: mersudinkuc@gmail.com Menad\u017eer koordinira rad na pripremi i realizaciji razvojnih programa i projekata kojima se: &#8211; podsti\u010de ekonomski razvoj, obezbe\u0111uje za\u0161tita \u017eivotne&#046;&#046;&#046;\" \/>\n<meta property=\"og:url\" content=\"https:\/\/www.rozaje.me\/en\/menadzer\/\" \/>\n<meta property=\"og:site_name\" content=\"Op\u0161tina Ro\u017eaje\" \/>\n<meta property=\"article:publisher\" content=\"https:\/\/www.facebook.com\/OpstinaRozajeOfficial\/\" \/>\n<meta property=\"article:modified_time\" content=\"2026-03-17T13:10:32+00:00\" \/>\n<meta name=\"twitter:card\" content=\"summary_large_image\" \/>\n<meta name=\"twitter:label1\" content=\"Estimated reading time\" \/>\n\t<meta name=\"twitter:data1\" content=\"1 minute\" \/>\n<script type=\"application\/ld+json\" class=\"yoast-schema-graph\">{\"@context\":\"https:\/\/schema.org\",\"@graph\":[{\"@type\":\"WebPage\",\"@id\":\"https:\/\/www.rozaje.me\/menadzer\/\",\"url\":\"https:\/\/www.rozaje.me\/menadzer\/\",\"name\":\"Menad\u017eer - Op\u0161tina Ro\u017eaje\",\"isPartOf\":{\"@id\":\"https:\/\/www.rozaje.me\/#website\"},\"datePublished\":\"2015-01-23T07:46:04+00:00\",\"dateModified\":\"2026-03-17T13:10:32+00:00\",\"breadcrumb\":{\"@id\":\"https:\/\/www.rozaje.me\/menadzer\/#breadcrumb\"},\"inLanguage\":\"en-GB\",\"potentialAction\":[{\"@type\":\"ReadAction\",\"target\":[\"https:\/\/www.rozaje.me\/menadzer\/\"]}]},{\"@type\":\"BreadcrumbList\",\"@id\":\"https:\/\/www.rozaje.me\/menadzer\/#breadcrumb\",\"itemListElement\":[{\"@type\":\"ListItem\",\"position\":1,\"name\":\"Home\",\"item\":\"https:\/\/www.rozaje.me\/\"},{\"@type\":\"ListItem\",\"position\":2,\"name\":\"Menad\u017eer\"}]},{\"@type\":\"WebSite\",\"@id\":\"https:\/\/www.rozaje.me\/#website\",\"url\":\"https:\/\/www.rozaje.me\/\",\"name\":\"Op\u0161tina Ro\u017eaje\",\"description\":\"Zvani\u010dna veb stranica Op\u0161tine Ro\u017eaje\",\"publisher\":{\"@id\":\"https:\/\/www.rozaje.me\/#organization\"},\"alternateName\":\"Opstina Rozaje\",\"potentialAction\":[{\"@type\":\"SearchAction\",\"target\":{\"@type\":\"EntryPoint\",\"urlTemplate\":\"https:\/\/www.rozaje.me\/?s={search_term_string}\"},\"query-input\":{\"@type\":\"PropertyValueSpecification\",\"valueRequired\":true,\"valueName\":\"search_term_string\"}}],\"inLanguage\":\"en-GB\"},{\"@type\":\"Organization\",\"@id\":\"https:\/\/www.rozaje.me\/#organization\",\"name\":\"Opstina Rozaje\",\"url\":\"https:\/\/www.rozaje.me\/\",\"logo\":{\"@type\":\"ImageObject\",\"inLanguage\":\"en-GB\",\"@id\":\"https:\/\/www.rozaje.me\/#\/schema\/logo\/image\/\",\"url\":\"https:\/\/www.rozaje.me\/wp-content\/uploads\/2022\/08\/logo-textless.svg\",\"contentUrl\":\"https:\/\/www.rozaje.me\/wp-content\/uploads\/2022\/08\/logo-textless.svg\",\"width\":108.00360000000000582076609134674072265625,\"height\":131.15059999999999718056642450392246246337890625,\"caption\":\"Opstina Rozaje\"},\"image\":{\"@id\":\"https:\/\/www.rozaje.me\/#\/schema\/logo\/image\/\"},\"sameAs\":[\"https:\/\/www.facebook.com\/OpstinaRozajeOfficial\/\",\"https:\/\/www.youtube.com\/channel\/UCepcislHIwc6KRZTLa6FIlg\"]}]}<\/script>\n<!-- \/ Yoast SEO plugin. -->","yoast_head_json":{"title":"Menad\u017eer - Op\u0161tina Ro\u017eaje","robots":{"index":"index","follow":"follow","max-snippet":"max-snippet:-1","max-image-preview":"max-image-preview:large","max-video-preview":"max-video-preview:-1"},"canonical":"https:\/\/www.rozaje.me\/en\/menadzer\/","og_locale":"en_GB","og_type":"article","og_title":"Menad\u017eer - Op\u0161tina Ro\u017eaje","og_description":"Menad\u017eer: Mersudin Ku\u010d E-mail: mersudinkuc@gmail.com Menad\u017eer koordinira rad na pripremi i realizaciji razvojnih programa i projekata kojima se: &#8211; podsti\u010de ekonomski razvoj, obezbe\u0111uje za\u0161tita \u017eivotne&#46;&#46;&#46;","og_url":"https:\/\/www.rozaje.me\/en\/menadzer\/","og_site_name":"Op\u0161tina Ro\u017eaje","article_publisher":"https:\/\/www.facebook.com\/OpstinaRozajeOfficial\/","article_modified_time":"2026-03-17T13:10:32+00:00","twitter_card":"summary_large_image","twitter_misc":{"Estimated reading time":"1 minute"},"schema":{"@context":"https:\/\/schema.org","@graph":[{"@type":"WebPage","@id":"https:\/\/www.rozaje.me\/menadzer\/","url":"https:\/\/www.rozaje.me\/menadzer\/","name":"Menad\u017eer - Op\u0161tina Ro\u017eaje","isPartOf":{"@id":"https:\/\/www.rozaje.me\/#website"},"datePublished":"2015-01-23T07:46:04+00:00","dateModified":"2026-03-17T13:10:32+00:00","breadcrumb":{"@id":"https:\/\/www.rozaje.me\/menadzer\/#breadcrumb"},"inLanguage":"en-GB","potentialAction":[{"@type":"ReadAction","target":["https:\/\/www.rozaje.me\/menadzer\/"]}]},{"@type":"BreadcrumbList","@id":"https:\/\/www.rozaje.me\/menadzer\/#breadcrumb","itemListElement":[{"@type":"ListItem","position":1,"name":"Home","item":"https:\/\/www.rozaje.me\/"},{"@type":"ListItem","position":2,"name":"Menad\u017eer"}]},{"@type":"WebSite","@id":"https:\/\/www.rozaje.me\/#website","url":"https:\/\/www.rozaje.me\/","name":"Municipality of Ro\u017eaje","description":"The official website of the Municipality of Ro\u017eaje","publisher":{"@id":"https:\/\/www.rozaje.me\/#organization"},"alternateName":"Opstina Rozaje","potentialAction":[{"@type":"SearchAction","target":{"@type":"EntryPoint","urlTemplate":"https:\/\/www.rozaje.me\/?s={search_term_string}"},"query-input":{"@type":"PropertyValueSpecification","valueRequired":true,"valueName":"search_term_string"}}],"inLanguage":"en-GB"},{"@type":"Organization","@id":"https:\/\/www.rozaje.me\/#organization","name":"Opstina Rozaje","url":"https:\/\/www.rozaje.me\/","logo":{"@type":"ImageObject","inLanguage":"en-GB","@id":"https:\/\/www.rozaje.me\/#\/schema\/logo\/image\/","url":"https:\/\/www.rozaje.me\/wp-content\/uploads\/2022\/08\/logo-textless.svg","contentUrl":"https:\/\/www.rozaje.me\/wp-content\/uploads\/2022\/08\/logo-textless.svg","width":108.00360000000000582076609134674072265625,"height":131.15059999999999718056642450392246246337890625,"caption":"Opstina Rozaje"},"image":{"@id":"https:\/\/www.rozaje.me\/#\/schema\/logo\/image\/"},"sameAs":["https:\/\/www.facebook.com\/OpstinaRozajeOfficial\/","https:\/\/www.youtube.com\/channel\/UCepcislHIwc6KRZTLa6FIlg"]}]}},"_links":{"self":[{"href":"https:\/\/www.rozaje.me\/en\/wp-json\/wp\/v2\/pages\/12109","targetHints":{"allow":["GET"]}}],"collection":[{"href":"https:\/\/www.rozaje.me\/en\/wp-json\/wp\/v2\/pages"}],"about":[{"href":"https:\/\/www.rozaje.me\/en\/wp-json\/wp\/v2\/types\/page"}],"author":[{"embeddable":true,"href":"https:\/\/www.rozaje.me\/en\/wp-json\/wp\/v2\/users\/11"}],"replies":[{"embeddable":true,"href":"https:\/\/www.rozaje.me\/en\/wp-json\/wp\/v2\/comments?post=12109"}],"version-history":[{"count":1,"href":"https:\/\/www.rozaje.me\/en\/wp-json\/wp\/v2\/pages\/12109\/revisions"}],"predecessor-version":[{"id":33939,"href":"https:\/\/www.rozaje.me\/en\/wp-json\/wp\/v2\/pages\/12109\/revisions\/33939"}],"wp:attachment":[{"href":"https:\/\/www.rozaje.me\/en\/wp-json\/wp\/v2\/media?parent=12109"}],"curies":[{"name":"wp","href":"https:\/\/api.w.org\/{rel}","templated":true}]}}