{"id":10333,"date":"2014-06-20T07:54:44","date_gmt":"2014-06-20T07:54:44","guid":{"rendered":"http:\/\/www.rozaje.me\/?page_id=10333"},"modified":"2024-12-26T22:16:28","modified_gmt":"2024-12-26T21:16:28","slug":"predsjednik-skupstine-3","status":"publish","type":"page","link":"https:\/\/www.rozaje.me\/en\/predsjednik-skupstine-3\/","title":{"rendered":"President of the Assembly"},"content":{"rendered":"<p><img loading=\"lazy\" decoding=\"async\" class=\"alignleft wp-image-31839\" src=\"https:\/\/www.rozaje.me\/wp-content\/uploads\/2024\/12\/173521751918218.jpg\" alt=\"\" width=\"201\" height=\"302\" srcset=\"https:\/\/www.rozaje.me\/wp-content\/uploads\/2024\/12\/173521751918218.jpg 1066w, https:\/\/www.rozaje.me\/wp-content\/uploads\/2024\/12\/173521751918218-1024x1536.jpg 1024w, https:\/\/www.rozaje.me\/wp-content\/uploads\/2024\/12\/173521751918218-8x12.jpg 8w\" sizes=\"auto, (max-width: 201px) 100vw, 201px\" \/>President of the Assembly<br \/>\n<strong>Almir Avdic<\/strong><\/p>\n<p>Ro\u0111en je 08.03.1977. godine u Ro\u017eajama. Osnovnu \u0161kolu i Gimnaziju \u00a0zavr\u0161io je u Ro\u017eajama, a Fakultet za poslovno-industrijski menad\u017ement u Beogradu gdje je dobio zvanje diplomirani menad\u017eer.<\/p>\n<p>U privredi je od 2001.godine i uspje\u0161no vodio preduze\u0107a\u00a0 iz oblasti proizvodnje i ugostiteljstva do 2018. godine.<\/p>\n<p>\u010clan je Bo\u0161nja\u010dke stranke od osnivanja, kao i \u010dlan Op\u0161tinskog i Glavnog odbora Bo\u0161nja\u010dke stranke. Obavljao funkciju potpredsjednika (volonterski) Med\u017elisa Islamske zajednice u Ro\u017eajama\u00a0 od 2014. do 2019. godine.<\/p>\n<p>O\u017eenjen je i otac troje djece. U svakom od svojih dru\u0161tvrnih anga\u017emana ostavio je dobar utisak, ostvario iskrena i dobra prijateljstva i iskazivao veliku dru\u0161tvenu odgovornost.<\/p>\n<p>Predsjesdnik je Skup\u0161tine op\u0161tine Ro\u017eaje od 25.07.2018. godine. \u010clan je Sabora Islamske zajednice u Crnoj Gori od 2018. godine. \u010clan je Bo\u0161nja\u010dkog vije\u0107a u Crnoj Gori od 2018. godine.<\/p>","protected":false},"excerpt":{"rendered":"<p>Predsjednik Skup\u0161tine Almir Avdi\u0107 Ro\u0111en je 08.03.1977. godine u Ro\u017eajama. Osnovnu \u0161kolu i Gimnaziju \u00a0zavr\u0161io je u Ro\u017eajama, a Fakultet za poslovno-industrijski menad\u017ement u Beogradu&#46;&#46;&#46;<\/p>","protected":false},"author":11,"featured_media":0,"parent":0,"menu_order":0,"comment_status":"open","ping_status":"open","template":"","meta":{"_monsterinsights_skip_tracking":false,"_monsterinsights_sitenote_active":false,"_monsterinsights_sitenote_note":"","_monsterinsights_sitenote_category":0,"footnotes":""},"class_list":["post-10333","page","type-page","status-publish","hentry"],"yoast_head":"<!-- This site is optimized with the Yoast SEO plugin v27.2 - https:\/\/yoast.com\/product\/yoast-seo-wordpress\/ -->\n<title>Predsjednik Skup\u0161tine - Op\u0161tina Ro\u017eaje<\/title>\n<meta name=\"robots\" content=\"index, follow, max-snippet:-1, max-image-preview:large, max-video-preview:-1\" \/>\n<link rel=\"canonical\" href=\"https:\/\/www.rozaje.me\/en\/predsjednik-skupstine-3\/\" \/>\n<meta property=\"og:locale\" content=\"en_GB\" \/>\n<meta property=\"og:type\" content=\"article\" \/>\n<meta property=\"og:title\" content=\"Predsjednik Skup\u0161tine - Op\u0161tina Ro\u017eaje\" \/>\n<meta property=\"og:description\" content=\"Predsjednik Skup\u0161tine Almir Avdi\u0107 Ro\u0111en je 08.03.1977. godine u Ro\u017eajama. Osnovnu \u0161kolu i Gimnaziju \u00a0zavr\u0161io je u Ro\u017eajama, a Fakultet za poslovno-industrijski menad\u017ement u Beogradu&#046;&#046;&#046;\" \/>\n<meta property=\"og:url\" content=\"https:\/\/www.rozaje.me\/en\/predsjednik-skupstine-3\/\" \/>\n<meta property=\"og:site_name\" content=\"Op\u0161tina Ro\u017eaje\" \/>\n<meta property=\"article:publisher\" content=\"https:\/\/www.facebook.com\/OpstinaRozajeOfficial\/\" \/>\n<meta property=\"article:modified_time\" content=\"2024-12-26T21:16:28+00:00\" \/>\n<meta property=\"og:image\" content=\"https:\/\/www.rozaje.me\/wp-content\/uploads\/2024\/12\/173521751918218.jpg\" \/>\n\t<meta property=\"og:image:width\" content=\"1066\" \/>\n\t<meta property=\"og:image:height\" content=\"1599\" \/>\n\t<meta property=\"og:image:type\" content=\"image\/jpeg\" \/>\n<meta name=\"twitter:card\" content=\"summary_large_image\" \/>\n<meta name=\"twitter:label1\" content=\"Estimated reading time\" \/>\n\t<meta name=\"twitter:data1\" content=\"1 minute\" \/>\n<script type=\"application\/ld+json\" class=\"yoast-schema-graph\">{\"@context\":\"https:\/\/schema.org\",\"@graph\":[{\"@type\":\"WebPage\",\"@id\":\"https:\/\/www.rozaje.me\/predsjednik-skupstine-3\/\",\"url\":\"https:\/\/www.rozaje.me\/predsjednik-skupstine-3\/\",\"name\":\"Predsjednik Skup\u0161tine - Op\u0161tina Ro\u017eaje\",\"isPartOf\":{\"@id\":\"https:\/\/www.rozaje.me\/#website\"},\"primaryImageOfPage\":{\"@id\":\"https:\/\/www.rozaje.me\/predsjednik-skupstine-3\/#primaryimage\"},\"image\":{\"@id\":\"https:\/\/www.rozaje.me\/predsjednik-skupstine-3\/#primaryimage\"},\"thumbnailUrl\":\"https:\/\/www.rozaje.me\/wp-content\/uploads\/2024\/12\/173521751918218.jpg\",\"datePublished\":\"2014-06-20T07:54:44+00:00\",\"dateModified\":\"2024-12-26T21:16:28+00:00\",\"breadcrumb\":{\"@id\":\"https:\/\/www.rozaje.me\/predsjednik-skupstine-3\/#breadcrumb\"},\"inLanguage\":\"en-GB\",\"potentialAction\":[{\"@type\":\"ReadAction\",\"target\":[\"https:\/\/www.rozaje.me\/predsjednik-skupstine-3\/\"]}]},{\"@type\":\"ImageObject\",\"inLanguage\":\"en-GB\",\"@id\":\"https:\/\/www.rozaje.me\/predsjednik-skupstine-3\/#primaryimage\",\"url\":\"https:\/\/www.rozaje.me\/wp-content\/uploads\/2024\/12\/173521751918218.jpg\",\"contentUrl\":\"https:\/\/www.rozaje.me\/wp-content\/uploads\/2024\/12\/173521751918218.jpg\"},{\"@type\":\"BreadcrumbList\",\"@id\":\"https:\/\/www.rozaje.me\/predsjednik-skupstine-3\/#breadcrumb\",\"itemListElement\":[{\"@type\":\"ListItem\",\"position\":1,\"name\":\"Home\",\"item\":\"https:\/\/www.rozaje.me\/\"},{\"@type\":\"ListItem\",\"position\":2,\"name\":\"Predsjednik Skup\u0161tine\"}]},{\"@type\":\"WebSite\",\"@id\":\"https:\/\/www.rozaje.me\/#website\",\"url\":\"https:\/\/www.rozaje.me\/\",\"name\":\"Op\u0161tina Ro\u017eaje\",\"description\":\"Zvani\u010dna veb stranica Op\u0161tine Ro\u017eaje\",\"publisher\":{\"@id\":\"https:\/\/www.rozaje.me\/#organization\"},\"alternateName\":\"Opstina Rozaje\",\"potentialAction\":[{\"@type\":\"SearchAction\",\"target\":{\"@type\":\"EntryPoint\",\"urlTemplate\":\"https:\/\/www.rozaje.me\/?s={search_term_string}\"},\"query-input\":{\"@type\":\"PropertyValueSpecification\",\"valueRequired\":true,\"valueName\":\"search_term_string\"}}],\"inLanguage\":\"en-GB\"},{\"@type\":\"Organization\",\"@id\":\"https:\/\/www.rozaje.me\/#organization\",\"name\":\"Opstina Rozaje\",\"url\":\"https:\/\/www.rozaje.me\/\",\"logo\":{\"@type\":\"ImageObject\",\"inLanguage\":\"en-GB\",\"@id\":\"https:\/\/www.rozaje.me\/#\/schema\/logo\/image\/\",\"url\":\"https:\/\/www.rozaje.me\/wp-content\/uploads\/2022\/08\/logo-textless.svg\",\"contentUrl\":\"https:\/\/www.rozaje.me\/wp-content\/uploads\/2022\/08\/logo-textless.svg\",\"width\":108.00360000000000582076609134674072265625,\"height\":131.15059999999999718056642450392246246337890625,\"caption\":\"Opstina Rozaje\"},\"image\":{\"@id\":\"https:\/\/www.rozaje.me\/#\/schema\/logo\/image\/\"},\"sameAs\":[\"https:\/\/www.facebook.com\/OpstinaRozajeOfficial\/\",\"https:\/\/www.youtube.com\/channel\/UCepcislHIwc6KRZTLa6FIlg\"]}]}<\/script>\n<!-- \/ Yoast SEO plugin. -->","yoast_head_json":{"title":"Predsjednik Skup\u0161tine - Op\u0161tina Ro\u017eaje","robots":{"index":"index","follow":"follow","max-snippet":"max-snippet:-1","max-image-preview":"max-image-preview:large","max-video-preview":"max-video-preview:-1"},"canonical":"https:\/\/www.rozaje.me\/en\/predsjednik-skupstine-3\/","og_locale":"en_GB","og_type":"article","og_title":"Predsjednik Skup\u0161tine - Op\u0161tina Ro\u017eaje","og_description":"Predsjednik Skup\u0161tine Almir Avdi\u0107 Ro\u0111en je 08.03.1977. godine u Ro\u017eajama. Osnovnu \u0161kolu i Gimnaziju \u00a0zavr\u0161io je u Ro\u017eajama, a Fakultet za poslovno-industrijski menad\u017ement u Beogradu&#46;&#46;&#46;","og_url":"https:\/\/www.rozaje.me\/en\/predsjednik-skupstine-3\/","og_site_name":"Op\u0161tina Ro\u017eaje","article_publisher":"https:\/\/www.facebook.com\/OpstinaRozajeOfficial\/","article_modified_time":"2024-12-26T21:16:28+00:00","og_image":[{"width":1066,"height":1599,"url":"https:\/\/www.rozaje.me\/wp-content\/uploads\/2024\/12\/173521751918218.jpg","type":"image\/jpeg"}],"twitter_card":"summary_large_image","twitter_misc":{"Estimated reading time":"1 minute"},"schema":{"@context":"https:\/\/schema.org","@graph":[{"@type":"WebPage","@id":"https:\/\/www.rozaje.me\/predsjednik-skupstine-3\/","url":"https:\/\/www.rozaje.me\/predsjednik-skupstine-3\/","name":"Predsjednik Skup\u0161tine - Op\u0161tina Ro\u017eaje","isPartOf":{"@id":"https:\/\/www.rozaje.me\/#website"},"primaryImageOfPage":{"@id":"https:\/\/www.rozaje.me\/predsjednik-skupstine-3\/#primaryimage"},"image":{"@id":"https:\/\/www.rozaje.me\/predsjednik-skupstine-3\/#primaryimage"},"thumbnailUrl":"https:\/\/www.rozaje.me\/wp-content\/uploads\/2024\/12\/173521751918218.jpg","datePublished":"2014-06-20T07:54:44+00:00","dateModified":"2024-12-26T21:16:28+00:00","breadcrumb":{"@id":"https:\/\/www.rozaje.me\/predsjednik-skupstine-3\/#breadcrumb"},"inLanguage":"en-GB","potentialAction":[{"@type":"ReadAction","target":["https:\/\/www.rozaje.me\/predsjednik-skupstine-3\/"]}]},{"@type":"ImageObject","inLanguage":"en-GB","@id":"https:\/\/www.rozaje.me\/predsjednik-skupstine-3\/#primaryimage","url":"https:\/\/www.rozaje.me\/wp-content\/uploads\/2024\/12\/173521751918218.jpg","contentUrl":"https:\/\/www.rozaje.me\/wp-content\/uploads\/2024\/12\/173521751918218.jpg"},{"@type":"BreadcrumbList","@id":"https:\/\/www.rozaje.me\/predsjednik-skupstine-3\/#breadcrumb","itemListElement":[{"@type":"ListItem","position":1,"name":"Home","item":"https:\/\/www.rozaje.me\/"},{"@type":"ListItem","position":2,"name":"Predsjednik Skup\u0161tine"}]},{"@type":"WebSite","@id":"https:\/\/www.rozaje.me\/#website","url":"https:\/\/www.rozaje.me\/","name":"Municipality of Ro\u017eaje","description":"The official website of the Municipality of Ro\u017eaje","publisher":{"@id":"https:\/\/www.rozaje.me\/#organization"},"alternateName":"Opstina Rozaje","potentialAction":[{"@type":"SearchAction","target":{"@type":"EntryPoint","urlTemplate":"https:\/\/www.rozaje.me\/?s={search_term_string}"},"query-input":{"@type":"PropertyValueSpecification","valueRequired":true,"valueName":"search_term_string"}}],"inLanguage":"en-GB"},{"@type":"Organization","@id":"https:\/\/www.rozaje.me\/#organization","name":"Opstina Rozaje","url":"https:\/\/www.rozaje.me\/","logo":{"@type":"ImageObject","inLanguage":"en-GB","@id":"https:\/\/www.rozaje.me\/#\/schema\/logo\/image\/","url":"https:\/\/www.rozaje.me\/wp-content\/uploads\/2022\/08\/logo-textless.svg","contentUrl":"https:\/\/www.rozaje.me\/wp-content\/uploads\/2022\/08\/logo-textless.svg","width":108.00360000000000582076609134674072265625,"height":131.15059999999999718056642450392246246337890625,"caption":"Opstina Rozaje"},"image":{"@id":"https:\/\/www.rozaje.me\/#\/schema\/logo\/image\/"},"sameAs":["https:\/\/www.facebook.com\/OpstinaRozajeOfficial\/","https:\/\/www.youtube.com\/channel\/UCepcislHIwc6KRZTLa6FIlg"]}]}},"_links":{"self":[{"href":"https:\/\/www.rozaje.me\/en\/wp-json\/wp\/v2\/pages\/10333","targetHints":{"allow":["GET"]}}],"collection":[{"href":"https:\/\/www.rozaje.me\/en\/wp-json\/wp\/v2\/pages"}],"about":[{"href":"https:\/\/www.rozaje.me\/en\/wp-json\/wp\/v2\/types\/page"}],"author":[{"embeddable":true,"href":"https:\/\/www.rozaje.me\/en\/wp-json\/wp\/v2\/users\/11"}],"replies":[{"embeddable":true,"href":"https:\/\/www.rozaje.me\/en\/wp-json\/wp\/v2\/comments?post=10333"}],"version-history":[{"count":0,"href":"https:\/\/www.rozaje.me\/en\/wp-json\/wp\/v2\/pages\/10333\/revisions"}],"wp:attachment":[{"href":"https:\/\/www.rozaje.me\/en\/wp-json\/wp\/v2\/media?parent=10333"}],"curies":[{"name":"wp","href":"https:\/\/api.w.org\/{rel}","templated":true}]}}